{"id":5323,"date":"2019-04-11T15:46:59","date_gmt":"2019-04-11T18:46:59","guid":{"rendered":"http:\/\/leus.com.br\/site\/?post_type=product&#038;p=5323"},"modified":"2020-02-13T16:00:12","modified_gmt":"2020-02-13T19:00:12","slug":"alfa-x-plus","status":"publish","type":"product","link":"https:\/\/www.leus.com.br\/?product=alfa-x-plus","title":{"rendered":"Alfa X Plus + &#8211; PRODUTO INDISPON\u00cdVEL"},"content":{"rendered":"<p><strong>Motores\u00a0 4T:\u00a0<\/strong> 20ml de\u00a0<strong>Alfa X Plus+<\/strong>\u00a0para cada litro de \u00f3leo. 10 ml de<strong>\u00a0Alfa X Plus+\u00a0<\/strong>ap\u00f3s a primeira aplica\u00e7\u00e3o (em todas as trocas).<\/p>\n<p><strong>Motores 2T:<\/strong> 20ml de\u00a0<strong>Alfa X Plus+<\/strong>\u00a0para cada litro de \u00f3leo 2T.<\/p>\n<p><strong>Cambio Manual:\u00a0<\/strong>20ml de<strong>\u00a0Alfa X Plus+<\/strong>\u00a0para cada litro de \u00f3leo. (a cada troca).\u00a0\u00a0<strong>Observa\u00e7\u00e3o<\/strong>: Recomendamos ap\u00f3s a troca do lubrificante do cambio que o cliente aguarde pelo menos 1000km para posteriormente aplicar o produto, pois se tratando de uma pe\u00e7a de alt\u00edssima complexidade pode haver problemas na substitui\u00e7\u00e3o do lubrificante.<\/p>\n<p><strong>Cambio AT ou CVT:\u00a0<\/strong>5ml de\u00a0<strong>Alfa X Plus+<\/strong>\u00a0para cada litro de \u00f3leo. (a cada troca).\u00a0<strong>Observa\u00e7\u00e3o<\/strong>: Recomendamos ap\u00f3s a troca do lubrificante do cambio que o cliente aguarde pelo menos 1000km para posteriormente aplicar o produto, pois se tratando de uma pe\u00e7a de alt\u00edssima complexidade pode haver problemas na substitui\u00e7\u00e3o do lubrificante.<\/p>\n<div class='et_post_video'><iframe title=\"Alfa X o Melhor condicionador de Metais - com  Cesar Urnhani\" width=\"1080\" height=\"608\" src=\"https:\/\/www.youtube.com\/embed\/ZS4Er__K9nQ?feature=oembed\" frameborder=\"0\" allow=\"accelerometer; autoplay; encrypted-media; gyroscope; picture-in-picture\" allowfullscreen><\/iframe><\/div>\n","protected":false},"excerpt":{"rendered":"<p><strong>Alfa\u00a0X Plus+\u00a0<\/strong>protege o motor do seu ve\u00edculo criando uma prote\u00e7\u00e3o contra atrito. Basta adicionar no \u00f3leo do seu motor e em partes met\u00e1licas com atrito e pronto. Seu carro poder\u00e1 recuperar pot\u00eancia, ficar mais econ\u00f4mico, emitir menos poluentes e assim reduzindo muito os custos de manuten\u00e7\u00e3o.<\/p>\n<h2>Alfa X Plus+\u00a0<strong>n\u00e3o \u00e9 um<\/strong>\u00a0Aditivo<\/h2>\n<div class=\"row\">\n<div class=\"col-md-12\">\n<p class=\"lead rtejustify\"><strong>E sim um modificador cristalogr\u00e1fico<\/strong> de metais de \u00faltima gera\u00e7\u00e3o, um<strong><em>\u00a0avan\u00e7o do condicionador de metais<\/em><\/strong>. Entende-se como condicionamento de metais o processo de alisamento, endurecimento e prote\u00e7\u00e3o das superf\u00edcies, pretende se com isto evitar que um desgaste prematuro aconte\u00e7a e provoque uma quebra catastr\u00f3fica de uma m\u00e1quina.<\/p>\n<p><strong>Alfa X<\/strong>\u00a0<strong>Plus+<\/strong>\u00a0cont\u00e9m componentes de alto desempenho incluindo a nanotecnologia, o resultado da combina\u00e7\u00e3o sin\u00e9rgica e estequiom\u00e9trica, de seus componentes o torna um produto \u00fanico e poderoso.<\/p>\n<\/div>\n<\/div>\n<div class=\"row\">\n<div class=\"col-md-12\">\n<p class=\"rtejustify\">O produto age sob a a\u00e7\u00e3o de temperatura e press\u00e3o e provoca uma rea\u00e7\u00e3o qu\u00edmica que modifica a estrutura cristalina dos metais, fazendo que fiquem mais lisas e planas, ao mesmo tempo ficam mais r\u00edgidas e duras, resistente a todos os tipos de desgastes.<\/p>\n<\/div>\n<\/div>\n","protected":false},"featured_media":5464,"template":"","meta":{"_links_to":"","_links_to_target":""},"product_cat":[98],"product_tag":[],"_links":{"self":[{"href":"https:\/\/www.leus.com.br\/index.php?rest_route=\/wp\/v2\/product\/5323"}],"collection":[{"href":"https:\/\/www.leus.com.br\/index.php?rest_route=\/wp\/v2\/product"}],"about":[{"href":"https:\/\/www.leus.com.br\/index.php?rest_route=\/wp\/v2\/types\/product"}],"wp:featuredmedia":[{"embeddable":true,"href":"https:\/\/www.leus.com.br\/index.php?rest_route=\/wp\/v2\/media\/5464"}],"wp:attachment":[{"href":"https:\/\/www.leus.com.br\/index.php?rest_route=%2Fwp%2Fv2%2Fmedia&parent=5323"}],"wp:term":[{"taxonomy":"product_cat","embeddable":true,"href":"https:\/\/www.leus.com.br\/index.php?rest_route=%2Fwp%2Fv2%2Fproduct_cat&post=5323"},{"taxonomy":"product_tag","embeddable":true,"href":"https:\/\/www.leus.com.br\/index.php?rest_route=%2Fwp%2Fv2%2Fproduct_tag&post=5323"}],"curies":[{"name":"wp","href":"https:\/\/api.w.org\/{rel}","templated":true}]}}