{"id":5328,"date":"2019-04-12T08:44:15","date_gmt":"2019-04-12T11:44:15","guid":{"rendered":"http:\/\/leus.com.br\/site\/?post_type=product&#038;p=5328"},"modified":"2019-04-12T16:16:32","modified_gmt":"2019-04-12T19:16:32","slug":"oleo-de-motor-abro-15w-40-mineral","status":"publish","type":"product","link":"https:\/\/www.leus.com.br\/?product=oleo-de-motor-abro-15w-40-mineral","title":{"rendered":"\u00d3leo de Motor ABRO &#8211; 15W-40 &#8211; Mineral Com Aditiva\u00e7\u00e3o Sint\u00e9tica"},"content":{"rendered":"<p>O \u00d3leo Multiviscoso 15W-40 CI-4\/SL ABRO \u00e9 ideal para uso em frotas mistas, pois atende as exigentes categorias de servi\u00e7o do API (American Petroleum Institute) e da ACEA (da Associa\u00e7\u00e3o dos Construtores Europeus de Autom\u00f3veis) tanto para motores diesel leve como para motores a gasolina. Atende as categorias de servi\u00e7o API CI-4 para motores diesel leve e a categoria API SL para motores a<br \/>\ngasolina, assim como as categoria ACEA A3\/B3. \u00c9 indicado para uso no segmento de transportes rodovi\u00e1rios, podendo ser usado em caminh\u00f5es leves. Atende v\u00e1rias especifica\u00e7\u00f5es de fabricantes. Consulte o manual e siga sempre as recomenda\u00e7\u00f5es do fabricante do ve\u00edculo e\/ou equipamento.<br \/>\n<strong>Aplica\u00e7\u00f5es: API CI-4 \/ API SL ACEA A3\/B3 &#8211; JASO DH-1<\/strong><br \/>\n<strong>Atende as especifica\u00e7\u00f5es dos fabricantes: MB 229.1, RENAULT TRUCKS RLD-2, JASO DH-1, VW 501 01\/505 00, Hyundai \/ Kia.<\/strong><\/p>\n","protected":false},"excerpt":{"rendered":"<p>Formulado \u00e0 base de uma mistura de \u00f3leos minerais de alta qualidade e refor\u00e7ado com uma combina\u00e7\u00e3o de aditivos de \u00faltima gera\u00e7\u00e3o, o \u00d3leo Multiviscoso 15W-40 CI-4\/SL ABRO proporciona ao motor uma \u00f3tima lubrifica\u00e7\u00e3o sob as mais diversas condi\u00e7\u00f5es operacionais.<\/p>\n<p>Sua f\u00f3rmula de baixa fric\u00e7\u00e3o e alta fluidez ajuda tamb\u00e9m a melhorar a economia de combust\u00edvel e protege o motor contra ferrugem, corros\u00e3o<br \/>\ne forma\u00e7\u00e3o de borras no motor. Para motores Diesel Leve e a Gasolina , Etanol e GNV.<\/p>\n","protected":false},"featured_media":5329,"template":"","meta":{"_links_to":"","_links_to_target":""},"product_cat":[87],"product_tag":[],"_links":{"self":[{"href":"https:\/\/www.leus.com.br\/index.php?rest_route=\/wp\/v2\/product\/5328"}],"collection":[{"href":"https:\/\/www.leus.com.br\/index.php?rest_route=\/wp\/v2\/product"}],"about":[{"href":"https:\/\/www.leus.com.br\/index.php?rest_route=\/wp\/v2\/types\/product"}],"wp:featuredmedia":[{"embeddable":true,"href":"https:\/\/www.leus.com.br\/index.php?rest_route=\/wp\/v2\/media\/5329"}],"wp:attachment":[{"href":"https:\/\/www.leus.com.br\/index.php?rest_route=%2Fwp%2Fv2%2Fmedia&parent=5328"}],"wp:term":[{"taxonomy":"product_cat","embeddable":true,"href":"https:\/\/www.leus.com.br\/index.php?rest_route=%2Fwp%2Fv2%2Fproduct_cat&post=5328"},{"taxonomy":"product_tag","embeddable":true,"href":"https:\/\/www.leus.com.br\/index.php?rest_route=%2Fwp%2Fv2%2Fproduct_tag&post=5328"}],"curies":[{"name":"wp","href":"https:\/\/api.w.org\/{rel}","templated":true}]}}