{"id":5331,"date":"2019-04-12T09:13:07","date_gmt":"2019-04-12T12:13:07","guid":{"rendered":"http:\/\/leus.com.br\/site\/?post_type=product&#038;p=5331"},"modified":"2020-01-20T13:43:51","modified_gmt":"2020-01-20T16:43:51","slug":"lubrificante-para-motocicletas-abro-20w-50","status":"publish","type":"product","link":"https:\/\/www.leus.com.br\/?product=lubrificante-para-motocicletas-abro-20w-50","title":{"rendered":"Lubrificante Para  Motocicletas  ABRO &#8211; 20W-50"},"content":{"rendered":"<p>O \u00d3leo 20W50 ABRO atende ou excede os requerimentos mais rigorosos da ind\u00fastria de \u00f3leos. Atende a mais moderna categoria de servi\u00e7o do American Petroleum Institute, a categoria API SN. Atende tamb\u00e9m o exigente n\u00edvel de desempenho JASO MA2.<br \/>\n<strong>Aplica\u00e7\u00f5es: API SN (SM, SL) JASO MA2<\/strong><\/p>\n","protected":false},"excerpt":{"rendered":"<p>Formulado \u00e0 base de \u00f3leos minerais de alta qualidade e refor\u00e7ado com uma combina\u00e7\u00e3o de aditivos de \u00faltima gera\u00e7\u00e3o, o \u00d3leo Para Motocicletas 20W50 ABRO proporciona ao motor uma \u00f3tima lubrifica\u00e7\u00e3o sob as mais diversas condi\u00e7\u00f5es operacionais. Sua f\u00f3rmula de baixa fric\u00e7\u00e3o e alta fluidez ajuda tamb\u00e9m a melhorar a economia de combust\u00edvel e protege o motor contra a corros\u00e3o e forma\u00e7\u00e3o de borras no motor.\u00a0 \u00a0 \u00a0 \u00a0 \u00a0 \u00a0 \u00a0 Para Motores 4 Tempos a Gasolina.<\/p>\n","protected":false},"featured_media":5332,"template":"","meta":{"_links_to":"","_links_to_target":""},"product_cat":[99],"product_tag":[],"_links":{"self":[{"href":"https:\/\/www.leus.com.br\/index.php?rest_route=\/wp\/v2\/product\/5331"}],"collection":[{"href":"https:\/\/www.leus.com.br\/index.php?rest_route=\/wp\/v2\/product"}],"about":[{"href":"https:\/\/www.leus.com.br\/index.php?rest_route=\/wp\/v2\/types\/product"}],"wp:featuredmedia":[{"embeddable":true,"href":"https:\/\/www.leus.com.br\/index.php?rest_route=\/wp\/v2\/media\/5332"}],"wp:attachment":[{"href":"https:\/\/www.leus.com.br\/index.php?rest_route=%2Fwp%2Fv2%2Fmedia&parent=5331"}],"wp:term":[{"taxonomy":"product_cat","embeddable":true,"href":"https:\/\/www.leus.com.br\/index.php?rest_route=%2Fwp%2Fv2%2Fproduct_cat&post=5331"},{"taxonomy":"product_tag","embeddable":true,"href":"https:\/\/www.leus.com.br\/index.php?rest_route=%2Fwp%2Fv2%2Fproduct_tag&post=5331"}],"curies":[{"name":"wp","href":"https:\/\/api.w.org\/{rel}","templated":true}]}}