{"id":5661,"date":"2019-08-21T11:34:12","date_gmt":"2019-08-21T14:34:12","guid":{"rendered":"https:\/\/www.leus.com.br\/site\/?post_type=product&#038;p=5661"},"modified":"2019-08-21T11:35:52","modified_gmt":"2019-08-21T14:35:52","slug":"fluido-de-transmissao-automatica-cvt-abro","status":"publish","type":"product","link":"https:\/\/www.leus.com.br\/?product=fluido-de-transmissao-automatica-cvt-abro","title":{"rendered":"Flu\u00eddo de Transmiss\u00e3o Autom\u00e1tica CVT ABRO"},"content":{"rendered":"<p><strong>SIGA AS RECOMENDA\u00c7\u00d5ES DO FABRICANTE DO VE\u00cdCULO E\/OU EQUIPAMENTO.<\/strong><\/p>\n<h3><strong> Natureza do \u00f3leo: 100% sint\u00e9tico.<\/strong><\/h3>\n<h4>Este produto atende diversas especifica\u00e7\u00f5es OEM, as recomenda\u00e7\u00f5es das montadoras originais, eliminando necessidade de armazenar v\u00e1rias marcas para atender especifica\u00e7\u00f5es diferentes. Com aditivos de \u00faltima gera\u00e7\u00e3o, ABRO CVT tem rendimento igual ou at\u00e9 superior aos fluidos CVT originais recomendados pelas principais montadoras.<\/h4>\n<h4>Aplica\u00e7\u00f5es: Audi\/VW (TL 52180; G 052 180; G 052 516), BMW 8322 0 136 376 \/ 8322 0 429 154 (EZL 799 \/ EZL 799A), Chain (CVT8), Daihatsu Amix CVTF-DC , Daihatsu Amix CVTF-DFE*, Dodge \/ Jeep (NS-2, CVTF+4\/MOPAR CVT 4), Ford (CFT30\/WSS-M2C933-A\/Motorcraft XT-7-QCFT, CVT 23, MERCON C), Ford (CVT23), GM\/Saturn (DEX-CVT, CVTF I-Green2*), Honda (HMMF, HCF-2), Hyundai \/ Kia (SP-CVT 1), Mazda CVTF 3320, Mercedes Benz CVT28\/MB-Approval 236.20, Mini Cooper (EZL 799 \/ EZL 799A \/ ZF CVT V1), Mitsubishi DiaQueen (CVTF-J1, CVTF-J4*), Nissan (NS-1, NS-2, NS-3*), Punch (EZL 799 \/ EZL 799A), Renault Elfmatic (NS-2), Shell Green 1V, Subaru (i-CVTF, Lineartronic CVTF**, K0425Y0710, CV-30), Subaru e-CVTF, Suzuki (CVTF 3320, TC, NS-2, CVTF Green 1, CVTF Green 2*), Toyota\/Lexus (TC, FE*)<\/h4>\n","protected":false},"excerpt":{"rendered":"<h5>Fluido para Transmiss\u00e3o Continuamente Vari\u00e1vel ABRO CVT \u00e9 um fluido 100% sint\u00e9tico para transmiss\u00f5es autom\u00e1ticas especialmente formulado para as mais modernas transmiss\u00f5es.<\/h5>\n<h5><\/h5>\n<h5>Vantagens:<\/h5>\n<h5>\u2022 Proporciona uma lubrifica\u00e7\u00e3o de alta qualidade e protege contra o desgaste<\/h5>\n<h5>\u2022 Excelente performance em baixa temperatura<\/h5>\n<h5>\u2022 Propriedades especiais de atrito para uma troca de marcha mais suave e eficiente<\/h5>\n<h5>\u2022 Protege contra corros\u00e3o e ferrugem \u2022 Previne contra a forma\u00e7\u00e3o de espuma<\/h5>\n","protected":false},"featured_media":5662,"template":"","meta":{"_links_to":"","_links_to_target":""},"product_cat":[89],"product_tag":[],"_links":{"self":[{"href":"https:\/\/www.leus.com.br\/index.php?rest_route=\/wp\/v2\/product\/5661"}],"collection":[{"href":"https:\/\/www.leus.com.br\/index.php?rest_route=\/wp\/v2\/product"}],"about":[{"href":"https:\/\/www.leus.com.br\/index.php?rest_route=\/wp\/v2\/types\/product"}],"wp:featuredmedia":[{"embeddable":true,"href":"https:\/\/www.leus.com.br\/index.php?rest_route=\/wp\/v2\/media\/5662"}],"wp:attachment":[{"href":"https:\/\/www.leus.com.br\/index.php?rest_route=%2Fwp%2Fv2%2Fmedia&parent=5661"}],"wp:term":[{"taxonomy":"product_cat","embeddable":true,"href":"https:\/\/www.leus.com.br\/index.php?rest_route=%2Fwp%2Fv2%2Fproduct_cat&post=5661"},{"taxonomy":"product_tag","embeddable":true,"href":"https:\/\/www.leus.com.br\/index.php?rest_route=%2Fwp%2Fv2%2Fproduct_tag&post=5661"}],"curies":[{"name":"wp","href":"https:\/\/api.w.org\/{rel}","templated":true}]}}