{"id":5664,"date":"2019-08-23T08:20:45","date_gmt":"2019-08-23T11:20:45","guid":{"rendered":"https:\/\/www.leus.com.br\/site\/?post_type=product&#038;p=5664"},"modified":"2020-01-28T17:01:58","modified_gmt":"2020-01-28T20:01:58","slug":"desengraxante-para-motores-de-espuma-abro","status":"publish","type":"product","link":"https:\/\/www.leus.com.br\/?product=desengraxante-para-motores-de-espuma-abro","title":{"rendered":"DG-300 Desengraxante para Motores de Espuma ABRO &#8211; Produto Indispon\u00edvel em estoque."},"content":{"rendered":"<h5>Instru\u00e7\u00f5es: Cubra com um pl\u00e1stico qualquer parte que seja sens\u00edvel a \u00e1gua e que n\u00e3o venha selada de f\u00e1brica (distribui\u00e7\u00e3o, filtro de ar, sistema de ventila\u00e7\u00e3o, carburador, controles el\u00e9tricos e seus componentes).\u00a0 Agite bem a lata antes de usar, passe no motor seco e frio. Permita a a\u00e7\u00e3o do produto por 5 minutos e limpe com \u00e1gua\u00a0 sobre press\u00e3o. Retire o pl\u00e1stico protetor, e ligue o motor, deixe-o trabalhando entre 5 a 10 minutos at\u00e9 que seque completamente.<\/h5>\n<h4>Perigo: Aerosol extremamente inflam\u00e1vel. Causa forte irrita\u00e7\u00e3o nos olhos.<\/h4>\n","protected":false},"excerpt":{"rendered":"<h5>Penetra rapidamente e dissolve, sujeira, \u00f3leo, graxa de motores mar\u00edtimos, industriais e de autom\u00f3veis. Basta pulverizar e esperar 5 minutos e enxaguar com \u00e1gua.<\/h5>\n","protected":false},"featured_media":5666,"template":"","meta":{"_links_to":"","_links_to_target":""},"product_cat":[14],"product_tag":[],"_links":{"self":[{"href":"https:\/\/www.leus.com.br\/index.php?rest_route=\/wp\/v2\/product\/5664"}],"collection":[{"href":"https:\/\/www.leus.com.br\/index.php?rest_route=\/wp\/v2\/product"}],"about":[{"href":"https:\/\/www.leus.com.br\/index.php?rest_route=\/wp\/v2\/types\/product"}],"wp:featuredmedia":[{"embeddable":true,"href":"https:\/\/www.leus.com.br\/index.php?rest_route=\/wp\/v2\/media\/5666"}],"wp:attachment":[{"href":"https:\/\/www.leus.com.br\/index.php?rest_route=%2Fwp%2Fv2%2Fmedia&parent=5664"}],"wp:term":[{"taxonomy":"product_cat","embeddable":true,"href":"https:\/\/www.leus.com.br\/index.php?rest_route=%2Fwp%2Fv2%2Fproduct_cat&post=5664"},{"taxonomy":"product_tag","embeddable":true,"href":"https:\/\/www.leus.com.br\/index.php?rest_route=%2Fwp%2Fv2%2Fproduct_tag&post=5664"}],"curies":[{"name":"wp","href":"https:\/\/api.w.org\/{rel}","templated":true}]}}