{"id":5670,"date":"2019-08-23T10:12:52","date_gmt":"2019-08-23T13:12:52","guid":{"rendered":"https:\/\/www.leus.com.br\/site\/?post_type=product&#038;p=5670"},"modified":"2020-08-24T12:57:44","modified_gmt":"2020-08-24T15:57:44","slug":"desengraxante-de-motores-para-trabalhos-pesados-abro","status":"publish","type":"product","link":"https:\/\/www.leus.com.br\/?product=desengraxante-de-motores-para-trabalhos-pesados-abro","title":{"rendered":"DG-200 Desengraxante de Motores para Trabalhos Pesados &#8211; Abro &#8211; Indispon\u00edvel"},"content":{"rendered":"<h5><strong>Instru\u00e7\u00f5es: <\/strong>\u00a0O motor tem que estar em temperatura morna (de trabalho) e desligado. Cubra com pl\u00e1stico todos equipamentos que possam ser sens\u00edveis a \u00e1gua e que n\u00e3o est\u00e3o selados de f\u00e1brica ( como distribui\u00e7\u00e3o, filtro de ar, controles el\u00e9tricos, sistemas de admiss\u00e3o e de ar, carburador e\u00a0 outros componentes que n\u00e3o sejam selados de f\u00e1brica). Segure a lata na vertical 12\u00b0 (1\/3m) na superf\u00edcie a ser limpa. Aplique generosamente e deixe que penetre durante 5 minutos, tendo cuidado para limpar qualquer excesso nas superf\u00edcies aonde contenha pintura exterior. Enxague com um jato forte de \u00e1gua. Deixe que seque antes de retirar o pl\u00e1stico e ligue o motor.<\/h5>\n<h4><strong>OBS: Aerossol extremamente inflam\u00e1vel. Recipiente sob press\u00e3o: pode explodir se exposto a altas temperaturas, causa irrita\u00e7\u00e3o na pele. Pode ser fatal em caso de ingest\u00e3o ou respira\u00e7\u00e3o.<\/strong><\/h4>\n","protected":false},"excerpt":{"rendered":"<h5><strong>Carros, Caminh\u00f5es, Vans e tratores.<\/strong><\/h5>\n<h5><strong>Penetra rapidamente para remover graxa e sujeira. <\/strong><\/h5>\n<h5><strong>Lavagens r\u00e1pidas e f\u00e1ceis.<\/strong><\/h5>\n","protected":false},"featured_media":5671,"template":"","meta":{"_links_to":"","_links_to_target":""},"product_cat":[14],"product_tag":[],"_links":{"self":[{"href":"https:\/\/www.leus.com.br\/index.php?rest_route=\/wp\/v2\/product\/5670"}],"collection":[{"href":"https:\/\/www.leus.com.br\/index.php?rest_route=\/wp\/v2\/product"}],"about":[{"href":"https:\/\/www.leus.com.br\/index.php?rest_route=\/wp\/v2\/types\/product"}],"wp:featuredmedia":[{"embeddable":true,"href":"https:\/\/www.leus.com.br\/index.php?rest_route=\/wp\/v2\/media\/5671"}],"wp:attachment":[{"href":"https:\/\/www.leus.com.br\/index.php?rest_route=%2Fwp%2Fv2%2Fmedia&parent=5670"}],"wp:term":[{"taxonomy":"product_cat","embeddable":true,"href":"https:\/\/www.leus.com.br\/index.php?rest_route=%2Fwp%2Fv2%2Fproduct_cat&post=5670"},{"taxonomy":"product_tag","embeddable":true,"href":"https:\/\/www.leus.com.br\/index.php?rest_route=%2Fwp%2Fv2%2Fproduct_tag&post=5670"}],"curies":[{"name":"wp","href":"https:\/\/api.w.org\/{rel}","templated":true}]}}