{"id":5752,"date":"2020-02-13T15:58:03","date_gmt":"2020-02-13T18:58:03","guid":{"rendered":"https:\/\/www.leus.com.br\/site\/?post_type=product&#038;p=5752"},"modified":"2021-02-09T09:41:00","modified_gmt":"2021-02-09T12:41:00","slug":"oleo-para-motor-abro-0w20-sn-plus-gf-5-100-sintetico","status":"publish","type":"product","link":"https:\/\/www.leus.com.br\/?product=oleo-para-motor-abro-0w20-sn-plus-gf-5-100-sintetico","title":{"rendered":"\u00d3leo para Motor ABRO 0W20 SN PLUS GF-5 100% Sint\u00e9tico"},"content":{"rendered":"<p><strong>Formulado \u00e0 base de \u00f3leos sint\u00e9ticos de alta qualidade e refor\u00e7ado com uma combina\u00e7\u00e3o de aditivos de \u00faltima gera\u00e7\u00e3o, o \u00d3leo 100% Sint\u00e9tico 0W20 SN Plus Dexos 1 &#8211; Gen 2- GF-5 ABRO proporciona ao motor uma \u00f3tima lubrifica\u00e7\u00e3o sob as mais diversas condi\u00e7\u00f5es operacionais. Sua f\u00f3rmula de baixa fric\u00e7\u00e3o e alta fluidez ajuda tamb\u00e9m a melhorar a economia de combust\u00edvel e protege o motor contra ferrugem, corros\u00e3o e forma\u00e7\u00e3o de borras no motor. Possui a mais moderna aprova\u00e7\u00e3o API SN Plus, sendo especialmente formulado para prevenir a pr\u00e9-igni\u00e7\u00e3o em baixa velocidade (LSPI) e proporcionar prote\u00e7\u00e3o especial para motores com inje\u00e7\u00e3o direta de gasolina (GDI) e com turbocompressor (TGDI).<\/strong><\/p>\n","protected":false},"excerpt":{"rendered":"<p><strong>\u2022 Protege motores sob as mais diversas condi\u00e7\u00f5es de uso <\/strong><\/p>\n<p><strong>\u2022 Melhora a economia de combust\u00edvel <\/strong><\/p>\n<p><strong>\u2022 Protege contra ferrugem, corros\u00e3o e dep\u00f3sitos de sujeira <\/strong><\/p>\n<p><strong>\u2022 Mant\u00e9m a estabilidade t\u00e9rmica e reduz o desgaste e a fric\u00e7\u00e3o <\/strong><\/p>\n<p><strong>\u2022 Prolonga a vida \u00fatil e melhora a performance do motor <\/strong><\/p>\n<p><strong>\u2022 Padr\u00e3o GF-5: Garante o bom funcionamento do sistema de controle de emiss\u00f5es<\/strong><br \/>\n<strong>\u2022 Selo API Resource Conserving: aprovado em testes de economia de combust\u00edvel, emiss\u00f5es e prote\u00e7\u00e3o <\/strong><\/p>\n<p><strong>\u2022 SN PLUS: Protege motores com GDI e TGDI e previne a pr\u00e9-igni\u00e7\u00e3o em baixa velocidade (LSPI)<\/strong><\/p>\n","protected":false},"featured_media":5753,"template":"","meta":{"_links_to":"","_links_to_target":""},"product_cat":[86,87],"product_tag":[],"_links":{"self":[{"href":"https:\/\/www.leus.com.br\/index.php?rest_route=\/wp\/v2\/product\/5752"}],"collection":[{"href":"https:\/\/www.leus.com.br\/index.php?rest_route=\/wp\/v2\/product"}],"about":[{"href":"https:\/\/www.leus.com.br\/index.php?rest_route=\/wp\/v2\/types\/product"}],"wp:featuredmedia":[{"embeddable":true,"href":"https:\/\/www.leus.com.br\/index.php?rest_route=\/wp\/v2\/media\/5753"}],"wp:attachment":[{"href":"https:\/\/www.leus.com.br\/index.php?rest_route=%2Fwp%2Fv2%2Fmedia&parent=5752"}],"wp:term":[{"taxonomy":"product_cat","embeddable":true,"href":"https:\/\/www.leus.com.br\/index.php?rest_route=%2Fwp%2Fv2%2Fproduct_cat&post=5752"},{"taxonomy":"product_tag","embeddable":true,"href":"https:\/\/www.leus.com.br\/index.php?rest_route=%2Fwp%2Fv2%2Fproduct_tag&post=5752"}],"curies":[{"name":"wp","href":"https:\/\/api.w.org\/{rel}","templated":true}]}}