{"id":621,"date":"2015-11-09T16:39:09","date_gmt":"2015-11-09T16:39:09","guid":{"rendered":"http:\/\/leus.com.br\/site\/?post_type=product&#038;p=621"},"modified":"2019-07-19T11:02:27","modified_gmt":"2019-07-19T14:02:27","slug":"teste","status":"publish","type":"product","link":"https:\/\/www.leus.com.br\/?product=teste","title":{"rendered":"Brake Cleaner Parts &#8211; BC-750 &#8211; 397gr"},"content":{"rendered":"<h4>BC750 BRAKE &amp; BRAKE PARTS CLEANER<\/h4>\n<h4>LIMPADOR DE FREIOS E PARTES<\/h4>\n<h4>INSTRU\u00c7\u00d5ES DE USO<\/h4>\n<h4>1- Insira o tubo da extens\u00e3o na lata;<\/h4>\n<h4>2- Segure a lata em posi\u00e7\u00e3o vertical e, com pequenas borrifadas, aplique o produto at\u00e9 que as partes estejam completamente molhadas. Continue a aplica\u00e7\u00e3o at\u00e9 quando achar necess\u00e1rio;<\/h4>\n<h4>3- Deixe secar ou seque com um pano;<\/h4>\n<h4>4- Evitar a Inala\u00e7\u00e3o de Vapores e Poeiras<\/h4>\n<h4>*Proteja todas as superf\u00edcies pl\u00e1sticas, emborrachadas e pintadas. Caso espirre o produto acidentalmente, lave imediatamente.<\/h4>\n<h4>Importante: N\u00e3o espirre em superf\u00edcies quentes!<\/h4>\n<h4>MANTER FORA DO ALCANCE DAS CRIAN\u00c7AS!<\/h4>\n<h4>\u00a0<a href=\"http:\/\/leus.com.br\/site\/wp-content\/uploads\/2015\/11\/BC-750-FISPQ2.pdf\">BC 750 &#8211; FISPQ<\/a><\/h4>\n<h4>Un: 397ml<\/h4>\n<div class='et_post_video'><iframe width=\"1080\" height=\"608\" src=\"https:\/\/www.youtube.com\/embed\/x71eK-cBglQ?feature=oembed\" frameborder=\"0\" allow=\"accelerometer; autoplay; encrypted-media; gyroscope; picture-in-picture\" allowfullscreen><\/iframe><\/div>\n<h4><\/h4>\n<h4><\/h4>\n","protected":false},"excerpt":{"rendered":"<h4>LIMPADOR DE FREIOS E PARTES<\/h4>\n<h4>Produto de uso profissional, limpa instantaneamente juntas CV, componentes de embreagem, discos e sistemas de freios ABS, sem desmontagem. N\u00e3o contem solventes de cloro, secagem r\u00e1pida e n\u00e3o deixa res\u00edduos.<\/h4>\n<h4><span style=\"color: #ff0000;\">Para saber o valor por caixa, por gentileza entre em contato conosco.<\/span><\/h4>\n<h4>Un: 397ml<\/h4>\n<h4><\/h4>\n","protected":false},"featured_media":5474,"template":"","meta":{"_links_to":"","_links_to_target":""},"product_cat":[12],"product_tag":[],"_links":{"self":[{"href":"https:\/\/www.leus.com.br\/index.php?rest_route=\/wp\/v2\/product\/621"}],"collection":[{"href":"https:\/\/www.leus.com.br\/index.php?rest_route=\/wp\/v2\/product"}],"about":[{"href":"https:\/\/www.leus.com.br\/index.php?rest_route=\/wp\/v2\/types\/product"}],"wp:featuredmedia":[{"embeddable":true,"href":"https:\/\/www.leus.com.br\/index.php?rest_route=\/wp\/v2\/media\/5474"}],"wp:attachment":[{"href":"https:\/\/www.leus.com.br\/index.php?rest_route=%2Fwp%2Fv2%2Fmedia&parent=621"}],"wp:term":[{"taxonomy":"product_cat","embeddable":true,"href":"https:\/\/www.leus.com.br\/index.php?rest_route=%2Fwp%2Fv2%2Fproduct_cat&post=621"},{"taxonomy":"product_tag","embeddable":true,"href":"https:\/\/www.leus.com.br\/index.php?rest_route=%2Fwp%2Fv2%2Fproduct_tag&post=621"}],"curies":[{"name":"wp","href":"https:\/\/api.w.org\/{rel}","templated":true}]}}