{"id":692,"date":"2015-11-11T16:24:39","date_gmt":"2015-11-11T16:24:39","guid":{"rendered":"http:\/\/leus.com.br\/site\/?post_type=product&#038;p=692"},"modified":"2019-01-24T14:32:37","modified_gmt":"2019-01-24T16:32:37","slug":"lg-920-2-super-red-graxa-de-litio","status":"publish","type":"product","link":"https:\/\/www.leus.com.br\/?product=lg-920-2-super-red-graxa-de-litio","title":{"rendered":"Graxa de L\u00edtio em Pasta &#8211; LG-920 &#8211;  454gr"},"content":{"rendered":"<h4>Un: 454gr<\/h4>\n<h4>-Di\u00e1rio Oficial da Uni\u00e3o ISSN1677-7042- Registro do Produto na ANP n\u00ba: 4096 &#8211;<\/h4>\n<h4>Processo n\u00b048620.000264\/2012-34 .<\/h4>\n","protected":false},"excerpt":{"rendered":"<ul>\n<li>\n<h4><span class=\"notranslate\">Cont\u00e9m aditivos de extrema press\u00e3o para severas condi\u00e7\u00f5es de opera\u00e7\u00e3o.<\/span><\/h4>\n<\/li>\n<li>\n<h4><span class=\"notranslate\">Excelente desempenho em condi\u00e7\u00f5es extremas de temperatura.<\/span><\/h4>\n<\/li>\n<\/ul>\n<h4><span style=\"color: #ff0000;\">Para saber o valor por caixa, por gentileza entre em contato conosco.<\/span><\/h4>\n<h4>Un: 454gr<\/h4>\n<h4><\/h4>\n<h4><\/h4>\n","protected":false},"featured_media":5151,"template":"","meta":{"_links_to":"","_links_to_target":""},"product_cat":[11],"product_tag":[],"_links":{"self":[{"href":"https:\/\/www.leus.com.br\/index.php?rest_route=\/wp\/v2\/product\/692"}],"collection":[{"href":"https:\/\/www.leus.com.br\/index.php?rest_route=\/wp\/v2\/product"}],"about":[{"href":"https:\/\/www.leus.com.br\/index.php?rest_route=\/wp\/v2\/types\/product"}],"wp:featuredmedia":[{"embeddable":true,"href":"https:\/\/www.leus.com.br\/index.php?rest_route=\/wp\/v2\/media\/5151"}],"wp:attachment":[{"href":"https:\/\/www.leus.com.br\/index.php?rest_route=%2Fwp%2Fv2%2Fmedia&parent=692"}],"wp:term":[{"taxonomy":"product_cat","embeddable":true,"href":"https:\/\/www.leus.com.br\/index.php?rest_route=%2Fwp%2Fv2%2Fproduct_cat&post=692"},{"taxonomy":"product_tag","embeddable":true,"href":"https:\/\/www.leus.com.br\/index.php?rest_route=%2Fwp%2Fv2%2Fproduct_tag&post=692"}],"curies":[{"name":"wp","href":"https:\/\/api.w.org\/{rel}","templated":true}]}}