{"id":697,"date":"2015-11-11T16:27:34","date_gmt":"2015-11-11T16:27:34","guid":{"rendered":"http:\/\/leus.com.br\/site\/?post_type=product&#038;p=697"},"modified":"2019-01-24T14:43:40","modified_gmt":"2019-01-24T16:43:40","slug":"lg-935-2-super-azul-graxa-de-litio","status":"publish","type":"product","link":"https:\/\/www.leus.com.br\/?product=lg-935-2-super-azul-graxa-de-litio","title":{"rendered":"Graxa de L\u00edtio Azul &#8211; LG &#8211; 935 &#8211; 454gr"},"content":{"rendered":"<h4>Un: 454gr<\/h4>\n<h4>Registro do Produto na ANP n\u00ba:4101 \u00a0-Di\u00e1rio Oficial da Uni\u00e3o- ISSN:1677-7042- Processo:48620.000269\/2012-67.<\/h4>\n","protected":false},"excerpt":{"rendered":"<ul>\n<li>\n<h4><span class=\"notranslate\">Oferece um desempenho mais duradouro e prote\u00e7\u00e3o.<\/span><\/h4>\n<\/li>\n<li>\n<h4><span class=\"notranslate\">Adequado para Atmosfera \u00famida e aplica\u00e7\u00f5es mar\u00edtimas.<\/span><\/h4>\n<\/li>\n<\/ul>\n<h4>Un: 454gr<\/h4>\n<h4><\/h4>\n","protected":false},"featured_media":5154,"template":"","meta":{"_links_to":"","_links_to_target":""},"product_cat":[11],"product_tag":[],"_links":{"self":[{"href":"https:\/\/www.leus.com.br\/index.php?rest_route=\/wp\/v2\/product\/697"}],"collection":[{"href":"https:\/\/www.leus.com.br\/index.php?rest_route=\/wp\/v2\/product"}],"about":[{"href":"https:\/\/www.leus.com.br\/index.php?rest_route=\/wp\/v2\/types\/product"}],"wp:featuredmedia":[{"embeddable":true,"href":"https:\/\/www.leus.com.br\/index.php?rest_route=\/wp\/v2\/media\/5154"}],"wp:attachment":[{"href":"https:\/\/www.leus.com.br\/index.php?rest_route=%2Fwp%2Fv2%2Fmedia&parent=697"}],"wp:term":[{"taxonomy":"product_cat","embeddable":true,"href":"https:\/\/www.leus.com.br\/index.php?rest_route=%2Fwp%2Fv2%2Fproduct_cat&post=697"},{"taxonomy":"product_tag","embeddable":true,"href":"https:\/\/www.leus.com.br\/index.php?rest_route=%2Fwp%2Fv2%2Fproduct_tag&post=697"}],"curies":[{"name":"wp","href":"https:\/\/api.w.org\/{rel}","templated":true}]}}