{"id":699,"date":"2015-11-11T16:28:50","date_gmt":"2015-11-11T16:28:50","guid":{"rendered":"http:\/\/leus.com.br\/site\/?post_type=product&#038;p=699"},"modified":"2019-01-24T14:50:04","modified_gmt":"2019-01-24T16:50:04","slug":"lg-990-sintetico-graxa-de-litio","status":"publish","type":"product","link":"https:\/\/www.leus.com.br\/?product=lg-990-sintetico-graxa-de-litio","title":{"rendered":"Graxa de L\u00edtio Sint\u00e9tica &#8211; LG-990 &#8211; 454gr"},"content":{"rendered":"<h4>Un: 454gr<\/h4>\n<h4>Registro do Produto no Di\u00e1rio oficial da uni\u00e3o ISSN1677-7042 -Processo:48620.000270\/2012-91<\/h4>\n<h4>Grau de Viscosidade &#8211; NLGI 3 &#8211; Registro do produto n\u00ba:4102.<\/h4>\n<h4><\/h4>\n","protected":false},"excerpt":{"rendered":"<ul>\n<li>\n<h4><span class=\"notranslate\">Resistente a \u00c1gua, Graxa Multi-Prop\u00f3sito para uso automotivo e marinho<\/span><\/h4>\n<\/li>\n<li>\n<h4><span class=\"notranslate\">Oferece a m\u00e1xima prote\u00e7\u00e3o para rolamentos de roda, sistemas de suspens\u00e3o, juntas universais, sistema de dire\u00e7\u00e3o e chassis.<\/span><\/h4>\n<\/li>\n<\/ul>\n<h4><span style=\"color: #ff0000;\">Para saber o valor por caixa, por gentileza entre em contato conosco.<\/span><\/h4>\n<h4>Un: 454gr<\/h4>\n<h4><\/h4>\n<h4><\/h4>\n","protected":false},"featured_media":5155,"template":"","meta":{"_links_to":"","_links_to_target":""},"product_cat":[11],"product_tag":[],"_links":{"self":[{"href":"https:\/\/www.leus.com.br\/index.php?rest_route=\/wp\/v2\/product\/699"}],"collection":[{"href":"https:\/\/www.leus.com.br\/index.php?rest_route=\/wp\/v2\/product"}],"about":[{"href":"https:\/\/www.leus.com.br\/index.php?rest_route=\/wp\/v2\/types\/product"}],"wp:featuredmedia":[{"embeddable":true,"href":"https:\/\/www.leus.com.br\/index.php?rest_route=\/wp\/v2\/media\/5155"}],"wp:attachment":[{"href":"https:\/\/www.leus.com.br\/index.php?rest_route=%2Fwp%2Fv2%2Fmedia&parent=699"}],"wp:term":[{"taxonomy":"product_cat","embeddable":true,"href":"https:\/\/www.leus.com.br\/index.php?rest_route=%2Fwp%2Fv2%2Fproduct_cat&post=699"},{"taxonomy":"product_tag","embeddable":true,"href":"https:\/\/www.leus.com.br\/index.php?rest_route=%2Fwp%2Fv2%2Fproduct_tag&post=699"}],"curies":[{"name":"wp","href":"https:\/\/api.w.org\/{rel}","templated":true}]}}