{"id":711,"date":"2015-11-11T16:52:45","date_gmt":"2015-11-11T16:52:45","guid":{"rendered":"http:\/\/leus.com.br\/site\/?post_type=product&#038;p=711"},"modified":"2020-07-13T15:56:51","modified_gmt":"2020-07-13T18:56:51","slug":"qf-35-quick-fix-pneu-inflator","status":"publish","type":"product","link":"https:\/\/www.leus.com.br\/?product=qf-35-quick-fix-pneu-inflator","title":{"rendered":"Quick Fix Pneu Inflator &#8211; QF-35 &#8211; 425gr"},"content":{"rendered":"<h4>Modo de Usar:<\/h4>\n<h4>F\u00e1cil aplica\u00e7\u00e3o com mangueira aplicadora, eliminando a necessidade de ferramentas e troca de pneu.<br \/>\nAgite o produto por um minuto e enrosque o adaptador com mangueira da lata na v\u00e1lvula e , depois aplique todo o \u00a0conte\u00fado de uma s\u00f3 vez, podendo ser utilizado no pneu com c\u00e2mara ou sem c\u00e2mara.<br \/>\nImportante que a v\u00e1lvula do pneu ou c\u00e2mara deve estar na posi\u00e7\u00e3o lateral \u00a0do pneu aplique todo o produto de uma vez s\u00f3.<br \/>\nInfla todo o pneu em apenas em 1 minuto .<br \/>\nDirija o carro\u00a0lentamente com velocidade m\u00e1xima de 50km\/h por 2 km at\u00e9 o selador se espalhar,<br \/>\ninfla at\u00e9 20 libras.<\/h4>\n<h4 class=\"tw-data-text vk_txt tw-ta tw-text-small\" data-placeholder=\"Tradu\u00e7\u00e3o\">\u00a0<a href=\"http:\/\/leus.com.br\/site\/wp-content\/uploads\/2015\/11\/QF-35-Ficha-de-Informa\u00e7\u00e3o1.pdf\">QF 35 &#8211; Ficha de Informa\u00e7\u00e3o<\/a><\/h4>\n<h4>Un: 425gr.<\/h4>\n<h4><\/h4>\n<p>&nbsp;<\/p>\n","protected":false},"excerpt":{"rendered":"<p>&nbsp;<\/p>\n<h4>De f\u00e1cil aplica\u00e7\u00e3o o QF- 35 elimina a necessidade de ferramentas para a troca do pneu.<\/h4>\n<h4>Balanceando automaticamente o pneu o QF-35 \u00e9 eficaz para pneus com ou sem c\u00e2mara para reparos em pequenos furos.<\/h4>\n<h4>O QF-35 gera 26 libras de press\u00e3o.<\/h4>\n<h4>Cont\u00e9m 425 gramas de produto.<\/h4>\n<p><b>Caixa com 12 unidades.<\/b><\/p>\n<p>&nbsp;<\/p>\n","protected":false},"featured_media":5138,"template":"","meta":{"_links_to":"","_links_to_target":""},"product_cat":[11],"product_tag":[],"_links":{"self":[{"href":"https:\/\/www.leus.com.br\/index.php?rest_route=\/wp\/v2\/product\/711"}],"collection":[{"href":"https:\/\/www.leus.com.br\/index.php?rest_route=\/wp\/v2\/product"}],"about":[{"href":"https:\/\/www.leus.com.br\/index.php?rest_route=\/wp\/v2\/types\/product"}],"wp:featuredmedia":[{"embeddable":true,"href":"https:\/\/www.leus.com.br\/index.php?rest_route=\/wp\/v2\/media\/5138"}],"wp:attachment":[{"href":"https:\/\/www.leus.com.br\/index.php?rest_route=%2Fwp%2Fv2%2Fmedia&parent=711"}],"wp:term":[{"taxonomy":"product_cat","embeddable":true,"href":"https:\/\/www.leus.com.br\/index.php?rest_route=%2Fwp%2Fv2%2Fproduct_cat&post=711"},{"taxonomy":"product_tag","embeddable":true,"href":"https:\/\/www.leus.com.br\/index.php?rest_route=%2Fwp%2Fv2%2Fproduct_tag&post=711"}],"curies":[{"name":"wp","href":"https:\/\/api.w.org\/{rel}","templated":true}]}}