{"id":722,"date":"2015-11-11T17:20:31","date_gmt":"2015-11-11T17:20:31","guid":{"rendered":"http:\/\/leus.com.br\/site\/?post_type=product&#038;p=722"},"modified":"2019-01-24T18:03:14","modified_gmt":"2019-01-24T20:03:14","slug":"cc-200-carb-choke-cleaner-10-oz","status":"publish","type":"product","link":"https:\/\/www.leus.com.br\/?product=cc-200-carb-choke-cleaner-10-oz","title":{"rendered":"Carb &#038; Choke Cleaner &#8211; CC 200 &#8211; 283gr"},"content":{"rendered":"<h4>CC200 CARB &amp; CHOKE CLEANER<\/h4>\n<h4>DESCARBONIZANTE MULTI USO<\/h4>\n<h4>IMFORMA\u00c7\u00d5ES DO PRODUTO<\/h4>\n<h4>Limpa M\u00faltiplas Partes<\/h4>\n<h4>*Carburadores em Geral<\/h4>\n<h4>*Afogadores<\/h4>\n<h4>*V\u00e1lvulas de PVC<\/h4>\n<h4>*Controles de Aquecimento<\/h4>\n<h4>*Entrada de Ar<\/h4>\n<h4>*Corpo de Borboletas<\/h4>\n<h4>Para remover a goma e verniz da placa do acelerador pulverize com rajadas curtas o carburador, tanto interno, quanto externamente. \u00a0Sa\u00edda de ar autom\u00e1tica:no eixo do estrangulamento do carburador acione com a m\u00e3o abrindo e fechando at\u00e9 destravar o estrangulamento da tampa. Caso o acelerador continue preso remova o estrangulamento da tampa. Ligue o motor e pulverize com jatos intermitentes sobre o cilindro de v\u00e1cuo. Com um frasco voc\u00ea consegue fazer at\u00e9 tr\u00eas carburadores.<br \/>\nEste produto tamb\u00e9m pode ser usado nos carros com inje\u00e7\u00e3o eletr\u00f4nica usando o produto no corpo de borboletas na entrada de ar do motor.<\/h4>\n<h4>*N\u00e3o aplique o produto em superf\u00edcies quentes ou perto do fogo. O produto \u00e9 extremamente inflam\u00e1vel.<\/h4>\n<h4>Aten\u00e7\u00e3o: Produto irritante aos olhos e prejudicial se inalado. Aplique em \u00e1reas ventiladas. Conte\u00fado sob press\u00e3o.<\/h4>\n<h4>MANTER FORA DO ALCANCE DAS CRIAN\u00c7AS!<\/h4>\n<p><a href=\"http:\/\/leus.com.br\/site\/wp-content\/uploads\/2015\/11\/FSQ-Carb-Choke-CC-200.pdf\">FSQ -Carb &amp; Choke CC- 200<\/a><\/p>\n<h4>Un: 283gr<\/h4>\n<h4>Caixa com 12 unidades.<\/h4>\n<h4><\/h4>\n<div class='et_post_video'><iframe width=\"1080\" height=\"608\" src=\"https:\/\/www.youtube.com\/embed\/1F2x1hZJz6M?feature=oembed\" frameborder=\"0\" allow=\"accelerometer; autoplay; encrypted-media; gyroscope; picture-in-picture\" allowfullscreen><\/iframe><\/div>\n","protected":false},"excerpt":{"rendered":"<h4>DESCARBONIZANTE MULTI USO<\/h4>\n<h4>Penetra e dissolve a sujeira, borras, vernizes, carbonifica\u00e7\u00f5es e outras impurezas que podem impedir o bom funcionamento das partes m\u00f3veis do sistema de inje\u00e7\u00e3o de combust\u00edvel.<\/h4>\n<h4><span style=\"color: #ff0000;\">Para saber o valor por caixa, por gentileza entre em contato conosco.<\/span><\/h4>\n<h4>Un: 283gr<\/h4>\n<h4>Cx: 12x283gr<\/h4>\n<p>&nbsp;<\/p>\n<p>&nbsp;<\/p>\n","protected":false},"featured_media":5165,"template":"","meta":{"_links_to":"","_links_to_target":""},"product_cat":[13],"product_tag":[],"_links":{"self":[{"href":"https:\/\/www.leus.com.br\/index.php?rest_route=\/wp\/v2\/product\/722"}],"collection":[{"href":"https:\/\/www.leus.com.br\/index.php?rest_route=\/wp\/v2\/product"}],"about":[{"href":"https:\/\/www.leus.com.br\/index.php?rest_route=\/wp\/v2\/types\/product"}],"wp:featuredmedia":[{"embeddable":true,"href":"https:\/\/www.leus.com.br\/index.php?rest_route=\/wp\/v2\/media\/5165"}],"wp:attachment":[{"href":"https:\/\/www.leus.com.br\/index.php?rest_route=%2Fwp%2Fv2%2Fmedia&parent=722"}],"wp:term":[{"taxonomy":"product_cat","embeddable":true,"href":"https:\/\/www.leus.com.br\/index.php?rest_route=%2Fwp%2Fv2%2Fproduct_cat&post=722"},{"taxonomy":"product_tag","embeddable":true,"href":"https:\/\/www.leus.com.br\/index.php?rest_route=%2Fwp%2Fv2%2Fproduct_tag&post=722"}],"curies":[{"name":"wp","href":"https:\/\/api.w.org\/{rel}","templated":true}]}}