{"id":725,"date":"2015-11-11T17:27:38","date_gmt":"2015-11-11T17:27:38","guid":{"rendered":"http:\/\/leus.com.br\/site\/?post_type=product&#038;p=725"},"modified":"2020-06-02T15:08:48","modified_gmt":"2020-06-02T18:08:48","slug":"cc-220-carb-choke-cleaner-12-oz","status":"publish","type":"product","link":"https:\/\/www.leus.com.br\/?product=cc-220-carb-choke-cleaner-12-oz","title":{"rendered":"Carb &#038; Choke Cleaner &#8211; CC 220 &#8211;  340gr"},"content":{"rendered":"<p>&nbsp;<\/p>\n<h2><em>CC220 CARB &amp; CHOKE CLEANER<\/em><\/h2>\n<h4>DESCARBONIZANTE MULTI USO<\/h4>\n<h4>IMFORMA\u00c7\u00d5ES DO PRODUTO<\/h4>\n<h4>Limpa M\u00faltiplas Partes<\/h4>\n<h4>*Carburadores em Geral<\/h4>\n<h4>*Afogadores<\/h4>\n<h4>*V\u00e1lvulas de PVC<\/h4>\n<h4>*Controles de Aquecimento<\/h4>\n<h4>*Entrada de Ar<\/h4>\n<h4>*Corpo de Borboletas<\/h4>\n<h4>Para remover a goma e verniz da placa do acelerador pulverize com rajadas curtas o carburador, tanto interno, quanto externamente. \u00a0Sa\u00edda de ar autom\u00e1tica:no eixo do estrangulamento do carburador acione com a m\u00e3o abrindo e fechando at\u00e9 destravar o estrangulamento da tampa. Caso o acelerador continue preso remova o estrangulamento da tampa. Ligue o motor e pulverize com jatos intermitentes sobre o cilindro de v\u00e1cuo. Com um frasco voc\u00ea consegue fazer at\u00e9 tr\u00eas carburadores.<br \/>\nEste produto tamb\u00e9m pode ser usado nos carros com inje\u00e7\u00e3o eletr\u00f4nica usando o produto no corpo de borboletas na entrada de ar do motor.<\/h4>\n<h4>*N\u00e3o aplique o produto em superf\u00edcies quentes ou perto do fogo. O produto \u00e9 extremamente inflam\u00e1vel.<\/h4>\n<h4>Aten\u00e7\u00e3o: Produto irritante aos olhos e prejudicial se inalado. Aplique em \u00e1reas ventiladas. Conte\u00fado sob press\u00e3o.<\/h4>\n<p><a href=\"http:\/\/leus.com.br\/site\/wp-content\/uploads\/2015\/11\/FSQ-Carb-Choke-CC220.pdf\">FSQ -Carb &amp; Choke &#8211; CC220<\/a><\/p>\n<h4>MANTER FORA DO ALCANCE DAS CRIAN\u00c7AS!<\/h4>\n<h4>Un: 340gr<\/h4>\n<div class='et_post_video'><iframe width=\"1080\" height=\"608\" src=\"https:\/\/www.youtube.com\/embed\/1F2x1hZJz6M?feature=oembed\" frameborder=\"0\" allow=\"accelerometer; autoplay; encrypted-media; gyroscope; picture-in-picture\" allowfullscreen><\/iframe><\/div>\n","protected":false},"excerpt":{"rendered":"<h4>DESCARBONIZANTE MULTI USO<\/h4>\n<h4>Penetra e dissolve a sujeira, borras, vernizes, carbonifica\u00e7\u00f5es e outras impurezas que podem impedir o bom funcionamento das partes m\u00f3veis do sistema de inje\u00e7\u00e3o d<em>e<\/em> combust\u00edvel.<\/h4>\n<h4><span style=\"color: #ff0000;\">Para saber o valor por caixa, por gentileza entre em contato conosco.<\/span><\/h4>\n<h4>Un: 340gr<\/h4>\n<h4><\/h4>\n<h4><\/h4>\n<h4><\/h4>\n","protected":false},"featured_media":5166,"template":"","meta":{"_links_to":"","_links_to_target":""},"product_cat":[13],"product_tag":[],"_links":{"self":[{"href":"https:\/\/www.leus.com.br\/index.php?rest_route=\/wp\/v2\/product\/725"}],"collection":[{"href":"https:\/\/www.leus.com.br\/index.php?rest_route=\/wp\/v2\/product"}],"about":[{"href":"https:\/\/www.leus.com.br\/index.php?rest_route=\/wp\/v2\/types\/product"}],"wp:featuredmedia":[{"embeddable":true,"href":"https:\/\/www.leus.com.br\/index.php?rest_route=\/wp\/v2\/media\/5166"}],"wp:attachment":[{"href":"https:\/\/www.leus.com.br\/index.php?rest_route=%2Fwp%2Fv2%2Fmedia&parent=725"}],"wp:term":[{"taxonomy":"product_cat","embeddable":true,"href":"https:\/\/www.leus.com.br\/index.php?rest_route=%2Fwp%2Fv2%2Fproduct_cat&post=725"},{"taxonomy":"product_tag","embeddable":true,"href":"https:\/\/www.leus.com.br\/index.php?rest_route=%2Fwp%2Fv2%2Fproduct_tag&post=725"}],"curies":[{"name":"wp","href":"https:\/\/api.w.org\/{rel}","templated":true}]}}