{"id":727,"date":"2015-11-11T17:29:34","date_gmt":"2015-11-11T17:29:34","guid":{"rendered":"http:\/\/leus.com.br\/site\/?post_type=product&#038;p=727"},"modified":"2019-01-25T11:00:33","modified_gmt":"2019-01-25T13:00:33","slug":"fp-111-power-flush-fuel-injection-cleaner","status":"publish","type":"product","link":"https:\/\/www.leus.com.br\/?product=fp-111-power-flush-fuel-injection-cleaner","title":{"rendered":"Power Flush Fuel Injector Cleaner &#8211; FS 111 &#8211; 237ml"},"content":{"rendered":"<h4><span lang=\"EN-US\">POWER FLUSH FUEL INJECTION CLEANER<\/span><\/h4>\n<h4>LIMPA INJETORES DE COMBUSTIVEL \u2013 USO PROFISSIONAL<\/h4>\n<h4>Foi desenvolvido para uso profissional na limpeza de injetores de combust\u00edvel.<\/h4>\n<h4>MODO DE USO<\/h4>\n<h4>Este material foi projetado como m\u00e9todo de limpeza do injetor para combust\u00edvel &#8211; \u00a0(injectar tester\/cleaner ou equivalente). Siga as instru\u00e7\u00f5es que acompanham os equipamentos de testes.<\/h4>\n<h4>RECOMENDA\u00c7\u00d5ES<\/h4>\n<h4>Cont\u00e9m petr\u00f3leo destilado mistura arom\u00e1tica e 2 butoxietanol. PREJUDICIAL OU FATAL SE INGERIDO. Use apenas em locais com ventila\u00e7\u00e3o adequada. Em caso de ingest\u00e3o, n\u00e3o provoque v\u00f4mito. Procure um m\u00e9dico imediatamente. PREJUDICIAIS se absorvido pela pele. Evitar o contato com os olhos e com a pele. Em caso de contato com os olhos lave-os com \u00e1gua por 15 minutos e procure atendimento m\u00e9dico. Contato com a pele lave imediatamente com \u00e1gua e sab\u00e3o.<\/h4>\n<p><a href=\"http:\/\/leus.com.br\/site\/wp-content\/uploads\/2015\/11\/Fs-111-FSQ.pdf\">Fs- 111- FSQ<\/a><\/p>\n<h4>MANTER FORA DO ALCANCE DAS CRIAN\u00c7AS!<\/h4>\n<h4>Un: 237ml<\/h4>\n<h4><\/h4>\n<h4><\/h4>\n","protected":false},"excerpt":{"rendered":"<h4>LIMPA INJETORES DE COMBUSTIVEL \u2013 USO PROFISSIONAL<\/h4>\n<h4>Foi desenvolvido para uso profissional na limpeza de injetores de combust\u00edvel<em>.\u00a0<\/em><\/h4>\n<h4><span style=\"color: #ff0000;\">Para saber o valor por caixa, por gentileza entre em contato conosco.<\/span><\/h4>\n<h4>Un: 237ml<\/h4>\n<h4><\/h4>\n<h4><\/h4>\n<h4><\/h4>\n","protected":false},"featured_media":5174,"template":"","meta":{"_links_to":"","_links_to_target":""},"product_cat":[13],"product_tag":[],"_links":{"self":[{"href":"https:\/\/www.leus.com.br\/index.php?rest_route=\/wp\/v2\/product\/727"}],"collection":[{"href":"https:\/\/www.leus.com.br\/index.php?rest_route=\/wp\/v2\/product"}],"about":[{"href":"https:\/\/www.leus.com.br\/index.php?rest_route=\/wp\/v2\/types\/product"}],"wp:featuredmedia":[{"embeddable":true,"href":"https:\/\/www.leus.com.br\/index.php?rest_route=\/wp\/v2\/media\/5174"}],"wp:attachment":[{"href":"https:\/\/www.leus.com.br\/index.php?rest_route=%2Fwp%2Fv2%2Fmedia&parent=727"}],"wp:term":[{"taxonomy":"product_cat","embeddable":true,"href":"https:\/\/www.leus.com.br\/index.php?rest_route=%2Fwp%2Fv2%2Fproduct_cat&post=727"},{"taxonomy":"product_tag","embeddable":true,"href":"https:\/\/www.leus.com.br\/index.php?rest_route=%2Fwp%2Fv2%2Fproduct_tag&post=727"}],"curies":[{"name":"wp","href":"https:\/\/api.w.org\/{rel}","templated":true}]}}