{"id":729,"date":"2015-11-11T17:30:36","date_gmt":"2015-11-11T17:30:36","guid":{"rendered":"http:\/\/leus.com.br\/site\/?post_type=product&#038;p=729"},"modified":"2020-04-29T13:43:30","modified_gmt":"2020-04-29T16:43:30","slug":"di-532-diesel-injector-cleaner","status":"publish","type":"product","link":"https:\/\/www.leus.com.br\/?product=di-532-diesel-injector-cleaner","title":{"rendered":"Diesel Injector Cleaner &#8211; DI 532 &#8211; 946ml &#8211; Produto Indispon\u00edvel"},"content":{"rendered":"<h2><em><span lang=\"EN-US\">DIESEL INJECTOR CLEANER<\/span><\/em><\/h2>\n<h4>LIMPADOR DE INJETORES DIESEL &#8211; USO PROFISSIONAL<\/h4>\n<h4><em>&#8211; <\/em>ELIMINA FALHAS DO MOTOR.<\/h4>\n<h4>&#8211; DISSOLVE DEP\u00d3SITOS\u00a0DE VERNIZ E DESCARBONIZA O SISTEMA DE INJE\u00c7\u00c3O.<\/h4>\n<h4>&#8211; LIMPADOR CONCENTRADO TRATA AT\u00c9 5000 LITROS.<\/h4>\n<h4>&#8211; DIMINUI O CONSUMO DE DIESEL.<\/h4>\n<h4>INSTRU\u00c7\u00d5ES DE USO:<\/h4>\n<h4>Adicionar o conte\u00fado inteiro a um tanque de 5000 litros cheio de diesel. Trata at\u00e9 5000 litros. N\u00e3o adicione mais diesel at\u00e9 que o tanque esteja quase vazio.<\/h4>\n<h4><em>PRECAU\u00c7\u00d5ES:<\/em><\/h4>\n<h4>\u00c9 COMBUST\u00cdVEL! Contem destilados de petr\u00f3leo. Mantenha longe do calor, fa\u00edscas ou chamas. Evite respirar os vapores. Em caso de ingest\u00e3o n\u00e3o provocar o vomito. Procure ajuda m\u00e9dica imediatamente. Se o contato com olhos ou pele, lave com \u00e1gua por 15 minutos.<\/h4>\n<h4><a href=\"http:\/\/leus.com.br\/site\/wp-content\/uploads\/2015\/11\/FSQ-Informativo-t\u00e9cnico-DI532.pdf\">FSQ-Informativo t\u00e9cnico DI532<\/a><\/h4>\n<h4>MANTER FORA DO ALCANCE DAS CRIAN\u00c7AS!<\/h4>\n<h4>Un: 946ml<\/h4>\n<h4><\/h4>\n<h4><\/h4>\n","protected":false},"excerpt":{"rendered":"<h4>Limpador concentrado para limpar todo o sistema de inje\u00e7\u00e3o eletr\u00f4nica tanto em ve\u00edculos leves diesel como em caminh\u00f5es. \u00a0 Este produto tem forte a\u00e7\u00e3o detergente dissolvendo gomas, vernizes e ou res\u00edduos formados na c\u00e2mara de combust\u00e3o, importante sem deixar res\u00edduos.<\/h4>\n<h4>Este produto elimina fungos, bact\u00e9rias e quebra a mol\u00e9cula da \u00e1gua existente no tanque de combust\u00edvel. Seu uso a cada 5.000 ou\u00a0 \u00a010.000 km reduz significativamente os custos de manuten\u00e7\u00e3o do veiculo. Baixo teor de enxofre menor que 10 ppm.<\/h4>\n<h4><span style=\"color: #ff0000\">Para saber o valor por caixa, por gentileza entre em contato conosco.<\/span><\/h4>\n<h4>Un: 946ml<\/h4>\n<h4><\/h4>\n<h4><\/h4>\n<h4><\/h4>\n","protected":false},"featured_media":5167,"template":"","meta":{"_links_to":"","_links_to_target":""},"product_cat":[13],"product_tag":[],"_links":{"self":[{"href":"https:\/\/www.leus.com.br\/index.php?rest_route=\/wp\/v2\/product\/729"}],"collection":[{"href":"https:\/\/www.leus.com.br\/index.php?rest_route=\/wp\/v2\/product"}],"about":[{"href":"https:\/\/www.leus.com.br\/index.php?rest_route=\/wp\/v2\/types\/product"}],"wp:featuredmedia":[{"embeddable":true,"href":"https:\/\/www.leus.com.br\/index.php?rest_route=\/wp\/v2\/media\/5167"}],"wp:attachment":[{"href":"https:\/\/www.leus.com.br\/index.php?rest_route=%2Fwp%2Fv2%2Fmedia&parent=729"}],"wp:term":[{"taxonomy":"product_cat","embeddable":true,"href":"https:\/\/www.leus.com.br\/index.php?rest_route=%2Fwp%2Fv2%2Fproduct_cat&post=729"},{"taxonomy":"product_tag","embeddable":true,"href":"https:\/\/www.leus.com.br\/index.php?rest_route=%2Fwp%2Fv2%2Fproduct_tag&post=729"}],"curies":[{"name":"wp","href":"https:\/\/api.w.org\/{rel}","templated":true}]}}