{"id":733,"date":"2015-11-11T17:35:13","date_gmt":"2015-11-11T17:35:13","guid":{"rendered":"http:\/\/leus.com.br\/site\/?post_type=product&#038;p=733"},"modified":"2020-02-20T16:58:33","modified_gmt":"2020-02-20T19:58:33","slug":"mf-390-motor-flush-15-oz","status":"publish","type":"product","link":"https:\/\/www.leus.com.br\/?product=mf-390-motor-flush-15-oz","title":{"rendered":"Motor Flush &#8211; MF 390 &#8211; 443ml"},"content":{"rendered":"<p>&nbsp;<\/p>\n<h2><em><span lang=\"EN-US\">MOTOR FLUSH<\/span><\/em><\/h2>\n<h4><\/h4>\n<h4>INSTRU\u00c7\u00d5ES DE USO<\/h4>\n<h4><em>1-\u00a0\u00a0\u00a0\u00a0\u00a0 <\/em>Cheque o \u00a0n\u00edvel do \u00f3leo e certifique-se de que est\u00e1 seguro para o funcionamento do motor;<\/h4>\n<h4>2-\u00a0\u00a0\u00a0\u00a0\u00a0 Antes da troca de \u00f3leo, adicione o conte\u00fado interno da lata de motor flush no \u00f3leo j\u00e1 existente no c\u00e1rter preferencialmente com o motor aquecido;<\/h4>\n<h4>3-\u00a0\u00a0\u00a0\u00a0\u00a0 Ligue o motor em marcha lenta e deixe-o funcionar por 3 minutos sem acelerar.<\/h4>\n<h4><strong>4-\u00a0\u00a0\u00a0\u00a0\u00a0 <\/strong><strong>N\u00e3o dirija o carro!<\/strong><\/h4>\n<h4>5-\u00a0\u00a0\u00a0\u00a0\u00a0 Ap\u00f3s o tempo indicado, desligue o motor, drene o \u00f3leo deixando escorrer bem, remova o \u00f3leo e o filtro do \u00f3leo. \u00a0Recoloque o buj\u00e3o do carte e instale novo filtro de \u00f3leo;<\/h4>\n<h4>6-\u00a0\u00a0\u00a0\u00a0\u00a0 Coloque o \u00f3leo novo no motor.<\/h4>\n<h4><strong>NOTA:<\/strong> MOTORES MUITO SUJOS PODEM REQUERER UMA SEGUNDA LIMPEZA.<\/h4>\n<h4>MANTER FORA DO ALCANCE DAS CRIAN\u00c7AS!<\/h4>\n<h4>Un: 443ml<\/h4>\n<div class='et_post_video'><iframe width=\"1080\" height=\"608\" src=\"https:\/\/www.youtube.com\/embed\/aetEhUjZLtg?start=16&#038;feature=oembed\" frameborder=\"0\" allow=\"accelerometer; autoplay; encrypted-media; gyroscope; picture-in-picture\" allowfullscreen><\/iframe><\/div>\n<h4><\/h4>\n<h4><\/h4>\n","protected":false},"excerpt":{"rendered":"<h4 style=\"text-align: justify;\">Limpa o motor internamente em 3 minutos. Elimina os res\u00edduos de \u00f3leo usado, deixando o motor livre de contaminantes.<\/h4>\n<h4 style=\"text-align: justify;\">Especialmente desenvolvido para limpar rapidamente borras,vernizes, sujeiras que aderem nas v\u00e1lvulas,an\u00e9is, eixo e paredes internas do c\u00e1rter, limpando todo o sistema de lubrifica\u00e7\u00e3o do motor do seu ve\u00edculo. Pode ser utilizado em todo o tipo de motor.<\/h4>\n<h4><span style=\"color: #ff0000;\">Para saber o valor por caixa, por gentileza entre em contato conosco.<\/span><\/h4>\n<h4>Un: 443ml<\/h4>\n<h4><\/h4>\n<h4><\/h4>\n<h4><\/h4>\n","protected":false},"featured_media":5175,"template":"","meta":{"_links_to":"","_links_to_target":""},"product_cat":[14],"product_tag":[],"_links":{"self":[{"href":"https:\/\/www.leus.com.br\/index.php?rest_route=\/wp\/v2\/product\/733"}],"collection":[{"href":"https:\/\/www.leus.com.br\/index.php?rest_route=\/wp\/v2\/product"}],"about":[{"href":"https:\/\/www.leus.com.br\/index.php?rest_route=\/wp\/v2\/types\/product"}],"wp:featuredmedia":[{"embeddable":true,"href":"https:\/\/www.leus.com.br\/index.php?rest_route=\/wp\/v2\/media\/5175"}],"wp:attachment":[{"href":"https:\/\/www.leus.com.br\/index.php?rest_route=%2Fwp%2Fv2%2Fmedia&parent=733"}],"wp:term":[{"taxonomy":"product_cat","embeddable":true,"href":"https:\/\/www.leus.com.br\/index.php?rest_route=%2Fwp%2Fv2%2Fproduct_cat&post=733"},{"taxonomy":"product_tag","embeddable":true,"href":"https:\/\/www.leus.com.br\/index.php?rest_route=%2Fwp%2Fv2%2Fproduct_tag&post=733"}],"curies":[{"name":"wp","href":"https:\/\/api.w.org\/{rel}","templated":true}]}}