{"id":743,"date":"2015-11-11T17:47:25","date_gmt":"2015-11-11T17:47:25","guid":{"rendered":"http:\/\/leus.com.br\/site\/?post_type=product&#038;p=743"},"modified":"2019-01-28T09:01:59","modified_gmt":"2019-01-28T11:01:59","slug":"ec-502-radiador-coolant-red","status":"publish","type":"product","link":"https:\/\/www.leus.com.br\/?product=ec-502-radiador-coolant-red","title":{"rendered":"RADIADOR COOLANT RED &#8211; EC 502 &#8211;  946ml"},"content":{"rendered":"<h4><em>MODO DE USO<\/em><\/h4>\n<h4>Siga recomenda\u00e7\u00f5es dos fabricantes na propor\u00e7\u00e3o ideal para cada veiculo. Aplicar diretamente no reservat\u00f3rio do radiador para completar o n\u00edvel ou para trocar total. N\u00c3O REMOVER A TAMPA DO RADIADOR OU DO RESERVAT\u00d3RIO COM O MOTOR QUENTE.<\/h4>\n<p><a href=\"http:\/\/leus.com.br\/site\/wp-content\/uploads\/2015\/11\/EC-502-32-FISPQ.pdf\">EC 502 32 &#8211; FISPQ<\/a><\/p>\n<h4>MANTER FORA DO ALCANCE DAS CRIAN\u00c7AS!<\/h4>\n<h4>Un: 946ml<\/h4>\n<h4><\/h4>\n<h4><\/h4>\n","protected":false},"excerpt":{"rendered":"<h4 class=\"tw-swapa\"><span lang=\"pt\">\u2022 F\u00f3rmula pr\u00eamium com baixo teor de silicato, apropriado tamb\u00e9m para carros importados.<\/span><\/h4>\n<h4 class=\"tw-swapa\"><span lang=\"pt\">\u2022 Ajuda a manter est\u00e1vel a temperatura operacional.<\/span><\/h4>\n<h4 class=\"tw-swapa\"><span lang=\"pt\">\u2022 Protege o sistema de resfriamento contra ferrugem e corros\u00e3o.<\/span><\/h4>\n<h4><span style=\"color: #ff0000;\">Para saber o valor por caixa, por gentileza entre em contato conosco.<\/span><\/h4>\n<h4>Un: 946ml<\/h4>\n<h4><\/h4>\n<h4><\/h4>\n<h4><em><span style=\"color: #ffffff; font-family: Arial; font-size: small;\">\u00a0<\/span><\/em><\/h4>\n","protected":false},"featured_media":5188,"template":"","meta":{"_links_to":"","_links_to_target":""},"product_cat":[15],"product_tag":[],"_links":{"self":[{"href":"https:\/\/www.leus.com.br\/index.php?rest_route=\/wp\/v2\/product\/743"}],"collection":[{"href":"https:\/\/www.leus.com.br\/index.php?rest_route=\/wp\/v2\/product"}],"about":[{"href":"https:\/\/www.leus.com.br\/index.php?rest_route=\/wp\/v2\/types\/product"}],"wp:featuredmedia":[{"embeddable":true,"href":"https:\/\/www.leus.com.br\/index.php?rest_route=\/wp\/v2\/media\/5188"}],"wp:attachment":[{"href":"https:\/\/www.leus.com.br\/index.php?rest_route=%2Fwp%2Fv2%2Fmedia&parent=743"}],"wp:term":[{"taxonomy":"product_cat","embeddable":true,"href":"https:\/\/www.leus.com.br\/index.php?rest_route=%2Fwp%2Fv2%2Fproduct_cat&post=743"},{"taxonomy":"product_tag","embeddable":true,"href":"https:\/\/www.leus.com.br\/index.php?rest_route=%2Fwp%2Fv2%2Fproduct_tag&post=743"}],"curies":[{"name":"wp","href":"https:\/\/api.w.org\/{rel}","templated":true}]}}