{"id":745,"date":"2015-11-11T17:52:52","date_gmt":"2015-11-11T17:52:52","guid":{"rendered":"http:\/\/leus.com.br\/site\/?post_type=product&#038;p=745"},"modified":"2020-01-28T17:36:20","modified_gmt":"2020-01-28T20:36:20","slug":"rf-505-radiator-flush","status":"publish","type":"product","link":"https:\/\/www.leus.com.br\/?product=rf-505-radiator-flush","title":{"rendered":"Radiator Flush &#8211; AB-505 &#8211; 354ml &#8211; Produto  Indispon\u00edvel"},"content":{"rendered":"<h2><em><span lang=\"EN-US\">RADIATOR FLUSH<\/span><\/em><\/h2>\n<h4><\/h4>\n<h4><em>A<\/em>PLICA\u00c7\u00c3O<\/h4>\n<h4>1 \u2013 Remova a tampa do radiador (nunca com o motor quente) e despeje todo o conte\u00fado no radiador. Recoloque a tampa.<\/h4>\n<h4>2 \u2013 Ligue o ve\u00edculo e ap\u00f3s o motor alcan\u00e7ar a temperatura de opera\u00e7\u00e3o normal, deixe funcionar por 10 minutos, com o ar quente ligado.<\/h4>\n<h4>3 \u2013 Desligue o motor e deixe esfriar.<\/h4>\n<h4><em>4 \u2013 <\/em>Remova a tampa do radiador e abra os dutos ou mangueiras de drenagem. Espere por 10 minutos at\u00e9 esfriar o motor. (N\u00c3O ADICIONE AGUA FRIA A UM SISTEMA VAZIO QUE ESTEJA QUENTE).<\/h4>\n<h4><em>5 \u2013 <\/em>Com o motor ligado, enxague at\u00e9 que a \u00e1gua fique clara. Desligue o motor e deixe o sistema drenar completamente. Feche os dutos de drenagem.<\/h4>\n<h4><em>6 \u2013<\/em> Encha o radiador com a concentra\u00e7\u00e3o recomendada de aditivo de radiador misturado com \u00e1gua. Recoloque a tampa do radiador e feche-o.<\/h4>\n<p><a href=\"http:\/\/leus.com.br\/site\/wp-content\/uploads\/2015\/11\/AB-505-Ficha-de-Seguran\u00e7a.pdf\">AB 505 &#8211; Ficha de Seguran\u00e7a<\/a><\/p>\n<h4><em>MANTER FORA DO ALCANCE DAS CRIAN\u00c7AS!<\/em><\/h4>\n<h4>Un: 354ml<\/h4>\n<h4><\/h4>\n<h4><\/h4>\n","protected":false},"excerpt":{"rendered":"<h4>\u00c9 seguro para todos os sistemas de arrefecimento.<\/h4>\n<h4>&#8211; Remove ferrugem, sujeira e limo;<\/h4>\n<h4>&#8211; Ajuda a prevenir super aquecimento;<\/h4>\n<h4>&#8211; \u00c9 r\u00e1pido e eficaz.<\/h4>\n<h4><span style=\"color: #ff0000\">Para saber o valor por caixa, por gentileza entre em contato conosco.<\/span><\/h4>\n<h4>Un: 354ml<\/h4>\n<h4><\/h4>\n<h4><\/h4>\n","protected":false},"featured_media":5194,"template":"","meta":{"_links_to":"","_links_to_target":""},"product_cat":[15],"product_tag":[],"_links":{"self":[{"href":"https:\/\/www.leus.com.br\/index.php?rest_route=\/wp\/v2\/product\/745"}],"collection":[{"href":"https:\/\/www.leus.com.br\/index.php?rest_route=\/wp\/v2\/product"}],"about":[{"href":"https:\/\/www.leus.com.br\/index.php?rest_route=\/wp\/v2\/types\/product"}],"wp:featuredmedia":[{"embeddable":true,"href":"https:\/\/www.leus.com.br\/index.php?rest_route=\/wp\/v2\/media\/5194"}],"wp:attachment":[{"href":"https:\/\/www.leus.com.br\/index.php?rest_route=%2Fwp%2Fv2%2Fmedia&parent=745"}],"wp:term":[{"taxonomy":"product_cat","embeddable":true,"href":"https:\/\/www.leus.com.br\/index.php?rest_route=%2Fwp%2Fv2%2Fproduct_cat&post=745"},{"taxonomy":"product_tag","embeddable":true,"href":"https:\/\/www.leus.com.br\/index.php?rest_route=%2Fwp%2Fv2%2Fproduct_tag&post=745"}],"curies":[{"name":"wp","href":"https:\/\/api.w.org\/{rel}","templated":true}]}}