{"id":747,"date":"2015-11-11T17:55:36","date_gmt":"2015-11-11T17:55:36","guid":{"rendered":"http:\/\/leus.com.br\/site\/?post_type=product&#038;p=747"},"modified":"2020-06-02T15:08:34","modified_gmt":"2020-06-02T18:08:34","slug":"xl-r-long-life-anti-freeze-coolant-xl-r","status":"publish","type":"product","link":"https:\/\/www.leus.com.br\/?product=xl-r-long-life-anti-freeze-coolant-xl-r","title":{"rendered":"Long Life  Anti-Freeze Coolant  XL-R- 946ml"},"content":{"rendered":"<h4 class=\"tw-swapa\">\u00a0<a href=\"http:\/\/leus.com.br\/site\/wp-content\/uploads\/2015\/11\/Long-life-xl-r-fsq.pdf\">Long life xl-r-fsq<\/a><\/h4>\n<div class=\"_Ejb\"><\/div>\n","protected":false},"excerpt":{"rendered":"<div class=\"_Ejb\">\n<div id=\"tw-target\">\n<div id=\"tw-target-text-container\" class=\"tw-ta-container tw-nfl\">\n<ul>\n<li id=\"tw-target-text\" class=\"tw-data-text vk_txt tw-ta tw-text-small\" dir=\"ltr\" data-placeholder=\"Tradu\u00e7\u00e3o\">\n<h4><span lang=\"pt\">Tecnologia\u00a0 org\u00e2nica h\u00edbrida OAT, HOAT.<\/span><\/h4>\n<\/li>\n<li class=\"tw-data-text vk_txt tw-ta tw-text-small\" dir=\"ltr\" data-placeholder=\"Tradu\u00e7\u00e3o\">\n<h4><span lang=\"pt\">F\u00f3rmula longa vida.<\/span><\/h4>\n<\/li>\n<li class=\"tw-data-text vk_txt tw-ta tw-text-small\" dir=\"ltr\" data-placeholder=\"Tradu\u00e7\u00e3o\">\n<h4><span lang=\"pt\">Permite a vida de at\u00e9 5 anos 150.000 milhas de prote\u00e7\u00f5es.<\/span><\/h4>\n<\/li>\n<li class=\"tw-data-text vk_txt tw-ta tw-text-small\" dir=\"ltr\" data-placeholder=\"Tradu\u00e7\u00e3o\">\n<h4><span lang=\"pt\">Atende aos requerimentos de prote\u00e7\u00e3o para a Europa e \u00c1sia.<\/span><\/h4>\n<\/li>\n<\/ul>\n<h4><span style=\"color: #ff0000;\">Para saber o valor por caixa, por gentileza entre em contato conosco.<\/span><\/h4>\n<h4>Un: 946ml<\/h4>\n<h4><\/h4>\n<\/div>\n<\/div>\n<\/div>\n","protected":false},"featured_media":5185,"template":"","meta":{"_links_to":"","_links_to_target":""},"product_cat":[15],"product_tag":[],"_links":{"self":[{"href":"https:\/\/www.leus.com.br\/index.php?rest_route=\/wp\/v2\/product\/747"}],"collection":[{"href":"https:\/\/www.leus.com.br\/index.php?rest_route=\/wp\/v2\/product"}],"about":[{"href":"https:\/\/www.leus.com.br\/index.php?rest_route=\/wp\/v2\/types\/product"}],"wp:featuredmedia":[{"embeddable":true,"href":"https:\/\/www.leus.com.br\/index.php?rest_route=\/wp\/v2\/media\/5185"}],"wp:attachment":[{"href":"https:\/\/www.leus.com.br\/index.php?rest_route=%2Fwp%2Fv2%2Fmedia&parent=747"}],"wp:term":[{"taxonomy":"product_cat","embeddable":true,"href":"https:\/\/www.leus.com.br\/index.php?rest_route=%2Fwp%2Fv2%2Fproduct_cat&post=747"},{"taxonomy":"product_tag","embeddable":true,"href":"https:\/\/www.leus.com.br\/index.php?rest_route=%2Fwp%2Fv2%2Fproduct_tag&post=747"}],"curies":[{"name":"wp","href":"https:\/\/api.w.org\/{rel}","templated":true}]}}