{"id":755,"date":"2015-11-11T18:00:43","date_gmt":"2015-11-11T18:00:43","guid":{"rendered":"http:\/\/leus.com.br\/site\/?post_type=product&#038;p=755"},"modified":"2019-01-28T14:15:25","modified_gmt":"2019-01-28T16:15:25","slug":"ro-028-refrigerante-oil","status":"publish","type":"product","link":"https:\/\/www.leus.com.br\/?product=ro-028-refrigerante-oil","title":{"rendered":"Refrigerante Oil &#8211; RO-026 &#8211; 113gr"},"content":{"rendered":"<ul>\n<li>\n<h4>\u00a0Prepare a lata \u00d2leo de refrigera\u00e7\u00e3o abro para carregamento usando uma v\u00e1lvula distribuidora roscada acme e uma mangueira de conex\u00e3o r\u00e1pida (abro ht-205) .<\/h4>\n<\/li>\n<li>\n<h4>Gire o man\u00edpulo da v\u00e1lvula de distribui\u00e7\u00e3o no sentido contr\u00e1rio ao dos ponteiros do rel\u00f3gio at\u00e9 que o pino de fura\u00e7\u00e3o fique embaixo da anilha.<\/h4>\n<\/li>\n<li>\n<h4>Parafuse com cuidado a lata sobre a v\u00e1lvula distribuidora roscada da lata. N\u00e3o aperte demais.<\/h4>\n<\/li>\n<li>\n<h4>Conecte a mangueira da torneira \u00e0 porta de servi\u00e7o do lado inferior. Certifique-se de que o acoplamento est\u00e1 travado no lugar. Cuidado: n\u00e3o conecte a porta de servi\u00e7o lateral alta. A lata pode estourar causando ferimentos graves.<\/h4>\n<\/li>\n<li>\n<h4>Gire a al\u00e7a para dispensar a v\u00e1lvula no sentido anti-hor\u00e1rio at\u00e9 que ela pare. N\u00e3o force<\/h4>\n<\/li>\n<li>\n<h4>Inverter pode (mantenha de cabe\u00e7a para baixo) acima do servi\u00e7o de lado baixo. Porta e gire o punho no sentido anti-hor\u00e1rio para instalar o \u00f3leo refrigerante do abro. Agitar pode determinar quando vazio.<\/h4>\n<\/li>\n<li>\n<h4>Gire o puxador no sentido hor\u00e1rio para fechar a v\u00e1lvula quando a lata estiver vazia<\/h4>\n<\/li>\n<li>\n<h4>Remova a mangueira da torneira do servi\u00e7o de baixo n\u00edvel. Porta e v\u00e1lvula dispensadora da lata.<\/h4>\n<\/li>\n<li>\n<h4>Carregar a \/ c para especifica\u00e7\u00f5es. Nota: deduzir 2 on\u00e7as refrigerante durante o carregamento. N\u00e3o sobrecarregar com refrigerante.<\/h4>\n<\/li>\n<li>\n<h4>\u00a0Ligar o motor e ajustar a \/ c no arrefecimento m\u00e1ximo. Certifique-se de que o compressor est\u00e1 corretamente encaixado.<\/h4>\n<\/li>\n<li>\n<h4>\u00a0Executar o sistema de ar \/ 15 minutos para circular.<\/h4>\n<\/li>\n<li>\n<h4>Segue abaixo em anexo tabela de quantidade de g\u00e1s por veiculo.<\/h4>\n<\/li>\n<li><a href=\"http:\/\/leus.com.br\/site\/wp-content\/uploads\/2015\/11\/tabela-dos-gases5.pdf\">tabela dos gases<\/a><\/li>\n<\/ul>\n<h4><\/h4>\n","protected":false},"excerpt":{"rendered":"<ul>\n<li>\n<h4>Lubrificante Universal.<\/h4>\n<\/li>\n<li>\n<h4>Elimina transporte diferentes graus ou viscosidades de lubrificantes A \/ C.<\/h4>\n<\/li>\n<li>\n<h4>Aumenta a vida \u00fatil do compressor.<\/h4>\n<\/li>\n<\/ul>\n<h4><span style=\"color: #ff0000;\">Para saber o valor por caixa, por gentileza entre em contato conosco.<\/span><\/h4>\n<h4>Un: 113gr<\/h4>\n<h4><\/h4>\n<h4><\/h4>\n","protected":false},"featured_media":5203,"template":"","meta":{"_links_to":"","_links_to_target":""},"product_cat":[16],"product_tag":[],"_links":{"self":[{"href":"https:\/\/www.leus.com.br\/index.php?rest_route=\/wp\/v2\/product\/755"}],"collection":[{"href":"https:\/\/www.leus.com.br\/index.php?rest_route=\/wp\/v2\/product"}],"about":[{"href":"https:\/\/www.leus.com.br\/index.php?rest_route=\/wp\/v2\/types\/product"}],"wp:featuredmedia":[{"embeddable":true,"href":"https:\/\/www.leus.com.br\/index.php?rest_route=\/wp\/v2\/media\/5203"}],"wp:attachment":[{"href":"https:\/\/www.leus.com.br\/index.php?rest_route=%2Fwp%2Fv2%2Fmedia&parent=755"}],"wp:term":[{"taxonomy":"product_cat","embeddable":true,"href":"https:\/\/www.leus.com.br\/index.php?rest_route=%2Fwp%2Fv2%2Fproduct_cat&post=755"},{"taxonomy":"product_tag","embeddable":true,"href":"https:\/\/www.leus.com.br\/index.php?rest_route=%2Fwp%2Fv2%2Fproduct_tag&post=755"}],"curies":[{"name":"wp","href":"https:\/\/api.w.org\/{rel}","templated":true}]}}