{"id":757,"date":"2015-11-11T18:01:41","date_gmt":"2015-11-11T18:01:41","guid":{"rendered":"http:\/\/leus.com.br\/site\/?post_type=product&#038;p=757"},"modified":"2020-06-02T15:08:48","modified_gmt":"2020-06-02T18:08:48","slug":"lt-026-leak-repair","status":"publish","type":"product","link":"https:\/\/www.leus.com.br\/?product=lt-026-leak-repair","title":{"rendered":"Leak Repair &#8211; LT-026 &#8211; 113gr"},"content":{"rendered":"<h4>\u00a0Desligue \u00a0a \/ c sistema e mantenha um v\u00e1cuo profundo durante pelo menos 30 minutos para remover a umidade. Devido \u00e0 possibilidade de altos n\u00edveis de umidade no sistema a \/ c, o secador ou acumulador do receptor (se instalado) deve ser substitu\u00eddo.<\/h4>\n<ul>\n<li>\n<h4>Abro Leak Repair pode para carregamento usando uma v\u00e1lvula distribuidora Prepare roscada e uma mangueira de conex\u00e3o r\u00e1pida.<\/h4>\n<\/li>\n<li>\n<h4>Gire a al\u00e7a na v\u00e1lvula de dispers\u00e3o no sentido hor\u00e1rio at\u00e9 que o pino de fura\u00e7\u00e3o esteja abaixo da arruela.<\/h4>\n<\/li>\n<li>\n<h4>Aperte com cuidado a lata na v\u00e1lvula distribuidora roscada da lata. N\u00e3o aperte demasiadamente.<\/h4>\n<\/li>\n<li>\n<h4>A conex\u00e3o da mangueira de torneira \u00e0 porta servi\u00e7o inferior. Certifique-se de que o corte est\u00e1 travado no lugar. Cuidado!! N\u00e3o ligue \u00e0 porta de servi\u00e7o lateral. A lata pode estourar causando ferimentos s\u00e9rios.<\/h4>\n<\/li>\n<li>\n<h4>Rodar o man\u00edpulo da v\u00e1lvula de dispers\u00e3o no sentido dos ponteiros do rel\u00f3gio at\u00e9 parar. N\u00e3o force.<\/h4>\n<\/li>\n<li>\n<h4>Inverter pode (segurar pode de cabe\u00e7a para baixo) acima da porta de servi\u00e7o de lado baixo e vire a al\u00e7a no sentido anti-hor\u00e1rio para instalar reparo de vazamento abro. Agitar pode determinar quando vazio.<\/h4>\n<\/li>\n<li>\n<h4>Gire o punho no sentido hor\u00e1rio para fechar a v\u00e1lvula quando pode est\u00e1 vazio.<\/h4>\n<\/li>\n<li>\n<h4>Remova a mangueira da torneira da porta de servi\u00e7o do lado inferior e a v\u00e1lvula de dispers\u00e3o da lata.<\/h4>\n<\/li>\n<li>\n<h4>Carregue a \/ c de acordo com as especifica\u00e7\u00f5es. Nota: Deduzir 2 on\u00e7as de refrigerante ao carregar. N\u00e3o sobrecarregue com o refrigerante.<\/h4>\n<\/li>\n<li>\n<h4>Ligue o motor e ajuste a \/ c no arrefecimento m\u00e1ximo. Certifique-se de que o compressor est\u00e1 corretamente encaixado.<\/h4>\n<\/li>\n<li>\n<h4>Executar o sistema de ar \/ 15 minutos para circular.<\/h4>\n<\/li>\n<li>\n<h4>Segue abaixo tabela de quantidade de G\u00e1s por ve\u00edculo.<\/h4>\n<\/li>\n<li><a href=\"http:\/\/leus.com.br\/site\/wp-content\/uploads\/2015\/11\/tabela-dos-gases3.pdf\">tabela dos gases<\/a><\/li>\n<li>\n<div class='et_post_video'><iframe width=\"1080\" height=\"810\" src=\"https:\/\/www.youtube.com\/embed\/quOJj_h54Po?feature=oembed\" frameborder=\"0\" allow=\"accelerometer; autoplay; encrypted-media; gyroscope; picture-in-picture\" allowfullscreen><\/iframe><\/div>\n<\/li>\n<\/ul>\n<h5><\/h5>\n<p>&nbsp;<\/p>\n","protected":false},"excerpt":{"rendered":"<ul>\n<li>\n<h4>Reparos de fugas em condensadores, evaporadores, acumuladores, e linhas de metal<\/h4>\n<\/li>\n<li>\n<h4>Melhora a efici\u00eancia.<\/h4>\n<\/li>\n<li>\n<h4>Impede vazamentos futuros.<\/h4>\n<\/li>\n<li>\n<h4>Sela m\u00faltiplos vazamentos .<\/h4>\n<\/li>\n<\/ul>\n<h4><span style=\"color: #ff0000;\">\u00a0Para saber o valor por caixa, por gentileza entre em contato conosco.<\/span><\/h4>\n<h4>Un: 113gr<\/h4>\n<h4><\/h4>\n<h4><\/h4>\n","protected":false},"featured_media":5200,"template":"","meta":{"_links_to":"","_links_to_target":""},"product_cat":[16],"product_tag":[],"_links":{"self":[{"href":"https:\/\/www.leus.com.br\/index.php?rest_route=\/wp\/v2\/product\/757"}],"collection":[{"href":"https:\/\/www.leus.com.br\/index.php?rest_route=\/wp\/v2\/product"}],"about":[{"href":"https:\/\/www.leus.com.br\/index.php?rest_route=\/wp\/v2\/types\/product"}],"wp:featuredmedia":[{"embeddable":true,"href":"https:\/\/www.leus.com.br\/index.php?rest_route=\/wp\/v2\/media\/5200"}],"wp:attachment":[{"href":"https:\/\/www.leus.com.br\/index.php?rest_route=%2Fwp%2Fv2%2Fmedia&parent=757"}],"wp:term":[{"taxonomy":"product_cat","embeddable":true,"href":"https:\/\/www.leus.com.br\/index.php?rest_route=%2Fwp%2Fv2%2Fproduct_cat&post=757"},{"taxonomy":"product_tag","embeddable":true,"href":"https:\/\/www.leus.com.br\/index.php?rest_route=%2Fwp%2Fv2%2Fproduct_tag&post=757"}],"curies":[{"name":"wp","href":"https:\/\/api.w.org\/{rel}","templated":true}]}}