{"id":761,"date":"2015-11-11T18:07:44","date_gmt":"2015-11-11T18:07:44","guid":{"rendered":"http:\/\/leus.com.br\/site\/?post_type=product&#038;p=761"},"modified":"2019-01-28T09:49:47","modified_gmt":"2019-01-28T11:49:47","slug":"dh-031-dehydration-treatment-ta","status":"publish","type":"product","link":"https:\/\/www.leus.com.br\/?product=dh-031-dehydration-treatment-ta","title":{"rendered":"Dehydration Treatment &#8211; DH-031 &#8211; 113gr"},"content":{"rendered":"<ul>\n<li>\n<h4>Preparar a lata de tratamento de desidrata\u00e7\u00e3o \u00a0abro para carregar usando uma v\u00e1lvula de distribui\u00e7\u00e3o roscada r134a acme e uma mangueira de conex\u00e3o r\u00e1pida.<\/h4>\n<\/li>\n<li>\n<h4>\u00a0Gire a al\u00e7a da v\u00e1lvula de distribui\u00e7\u00e3o no sentido anti-hor\u00e1rio at\u00e9 que o pino de fura\u00e7\u00e3o esteja abaixo da anilha.<\/h4>\n<\/li>\n<li>\n<h4>Cuidadosamente aparafuse a lata na v\u00e1lvula distribuidora roscada da lata. N\u00e3o aperte demais.<\/h4>\n<\/li>\n<li>\n<h4>Conecte a mangueira da torneira \u00e0 porta de servi\u00e7o do lado inferior. Certifique-se de que o acoplamento est\u00e1 travado no lugar. Cuidado n\u00e3o conecte \u00e0 porta de servi\u00e7o lateral alta. A lata pode estourar, causando ferimentos graves.<\/h4>\n<\/li>\n<li>\n<h4>Gire o man\u00edpulo da v\u00e1lvula de distribui\u00e7\u00e3o no sentido hor\u00e1rio at\u00e9 parar. N\u00e3o force.<\/h4>\n<\/li>\n<li>\n<h4>Inverter pode (mantenha de cabe\u00e7a para baixo) acima da porta de servi\u00e7o de lado baixo e gire o controle de al\u00e7a no sentido hor\u00e1rio para instalar abro desidrata\u00e7\u00e3o tratamento. Agitar pode determinar quando vazio.<\/h4>\n<\/li>\n<li>\n<h4>Gire a alavanca no sentido hor\u00e1rio para fechar a v\u00e1lvula quando a lata estiver vazia.<\/h4>\n<\/li>\n<li>\n<h4>\u00a0Remova a mangueira da torneira da porta de servi\u00e7o do lado inferior e da v\u00e1lvula de distribui\u00e7\u00e3o da lata.<\/h4>\n<\/li>\n<li>\n<h4>Carregue o a \/ c para especifica\u00e7\u00f5es. Nota: deduzir 2 on\u00e7as de refrigerante quando o carregamento n\u00e3o sobrecarregar com refrigerante.<\/h4>\n<\/li>\n<li>\n<h4>Ligar o motor e ajustar A \/ c no arrefecimento m\u00e1ximo. Certifique-se de que o compressor est\u00e1 devidamente engatado.<\/h4>\n<\/li>\n<li>\n<h4>Abaixo tabela de quantidade de g\u00e1s por veiculo em anexo.<\/h4>\n<\/li>\n<li><a href=\"http:\/\/leus.com.br\/site\/wp-content\/uploads\/2015\/11\/tabela-dos-gases.pdf\">tabela dos gases<\/a><\/li>\n<\/ul>\n","protected":false},"excerpt":{"rendered":"<ul>\n<li>\n<h4>Descontamina Sistema.<\/h4>\n<\/li>\n<li>\n<h4>Melhora a refrigera\u00e7\u00e3o.<\/h4>\n<\/li>\n<li>\n<h4>Previne a corros\u00e3o durante o inverno prolongado a vida \u00fatil do sistema.<\/h4>\n<\/li>\n<li>\n<h4>Remove Umidade Sistema.<\/h4>\n<\/li>\n<\/ul>\n<h4><span style=\"color: #ff0000;\">Para saber o valor por caixa, por gentileza entre em contato conosco.<\/span><\/h4>\n<h4>Un: 113gr<\/h4>\n<h4><\/h4>\n<p>&nbsp;<\/p>\n","protected":false},"featured_media":5197,"template":"","meta":{"_links_to":"","_links_to_target":""},"product_cat":[16],"product_tag":[],"_links":{"self":[{"href":"https:\/\/www.leus.com.br\/index.php?rest_route=\/wp\/v2\/product\/761"}],"collection":[{"href":"https:\/\/www.leus.com.br\/index.php?rest_route=\/wp\/v2\/product"}],"about":[{"href":"https:\/\/www.leus.com.br\/index.php?rest_route=\/wp\/v2\/types\/product"}],"wp:featuredmedia":[{"embeddable":true,"href":"https:\/\/www.leus.com.br\/index.php?rest_route=\/wp\/v2\/media\/5197"}],"wp:attachment":[{"href":"https:\/\/www.leus.com.br\/index.php?rest_route=%2Fwp%2Fv2%2Fmedia&parent=761"}],"wp:term":[{"taxonomy":"product_cat","embeddable":true,"href":"https:\/\/www.leus.com.br\/index.php?rest_route=%2Fwp%2Fv2%2Fproduct_cat&post=761"},{"taxonomy":"product_tag","embeddable":true,"href":"https:\/\/www.leus.com.br\/index.php?rest_route=%2Fwp%2Fv2%2Fproduct_tag&post=761"}],"curies":[{"name":"wp","href":"https:\/\/api.w.org\/{rel}","templated":true}]}}