{"id":824,"date":"2015-11-13T16:01:07","date_gmt":"2015-11-13T16:01:07","guid":{"rendered":"http:\/\/leus.com.br\/site\/?post_type=product&#038;p=824"},"modified":"2019-02-20T09:29:52","modified_gmt":"2019-02-20T12:29:52","slug":"94032346-cera","status":"publish","type":"product","link":"https:\/\/www.leus.com.br\/?product=94032346-cera","title":{"rendered":"Cera &#8211; 200gr"},"content":{"rendered":"<ul>\n<li>\n<h4>ZERO (0%) abrasivos e solventes!<\/h4>\n<\/li>\n<li>\n<h4>Conte\u00fado: 200g<\/h4>\n<\/li>\n<li>\n<h4>C\u00f3digo do produto:\u00a000144<\/h4>\n<\/li>\n<\/ul>\n<h4>Un: 200gr<\/h4>\n<h4><\/h4>\n<h4><\/h4>\n<p>&nbsp;<\/p>\n","protected":false},"excerpt":{"rendered":"<h4>Fabricada com pol\u00edmeros de alta tecnologia e ceras que permitem um brilho intenso e duradouro gra\u00e7as a pel\u00edcula de prote\u00e7\u00e3o Sunshield. Por ser pr\u00e9-abrandada, permite uma f\u00e1cil aplica\u00e7\u00e3o e remo\u00e7\u00e3o. Tamb\u00e9m indicada para uso em geladeiras, barcos, lanchas, trailers, jet skis e muito mais.<\/h4>\n<h4><span style=\"color: #ff0000;\">Para saber o valor por caixa, por gentileza entre em contato conosco.<\/span><\/h4>\n<h4>Un: 200gr<\/h4>\n<h4><\/h4>\n<h4><\/h4>\n","protected":false},"featured_media":5247,"template":"","meta":{"_links_to":"","_links_to_target":""},"product_cat":[69],"product_tag":[],"_links":{"self":[{"href":"https:\/\/www.leus.com.br\/index.php?rest_route=\/wp\/v2\/product\/824"}],"collection":[{"href":"https:\/\/www.leus.com.br\/index.php?rest_route=\/wp\/v2\/product"}],"about":[{"href":"https:\/\/www.leus.com.br\/index.php?rest_route=\/wp\/v2\/types\/product"}],"wp:featuredmedia":[{"embeddable":true,"href":"https:\/\/www.leus.com.br\/index.php?rest_route=\/wp\/v2\/media\/5247"}],"wp:attachment":[{"href":"https:\/\/www.leus.com.br\/index.php?rest_route=%2Fwp%2Fv2%2Fmedia&parent=824"}],"wp:term":[{"taxonomy":"product_cat","embeddable":true,"href":"https:\/\/www.leus.com.br\/index.php?rest_route=%2Fwp%2Fv2%2Fproduct_cat&post=824"},{"taxonomy":"product_tag","embeddable":true,"href":"https:\/\/www.leus.com.br\/index.php?rest_route=%2Fwp%2Fv2%2Fproduct_tag&post=824"}],"curies":[{"name":"wp","href":"https:\/\/api.w.org\/{rel}","templated":true}]}}