{"id":829,"date":"2015-11-13T16:05:02","date_gmt":"2015-11-13T16:05:02","guid":{"rendered":"http:\/\/leus.com.br\/site\/?post_type=product&#038;p=829"},"modified":"2019-02-13T11:50:20","modified_gmt":"2019-02-13T13:50:20","slug":"94032365-odorizante-para-painel-mista","status":"publish","type":"product","link":"https:\/\/www.leus.com.br\/?product=94032365-odorizante-para-painel-mista","title":{"rendered":"Odorizante Para Painel Mista &#8211; 6ml"},"content":{"rendered":"<h4><\/h4>\n<ul>\n<li>\n<h4>Conte\u00fado: 6ml<\/h4>\n<\/li>\n<li>\n<h4>C\u00f3digo do produto:\u00a028017<\/h4>\n<\/li>\n<li>\n<h4>C\u00f3digo do produto: 28019<\/h4>\n<\/li>\n<li>\n<h4>C\u00f3digo do produto: 28018<\/h4>\n<\/li>\n<li>\n<h4>C\u00f3digo do produto: 28029<\/h4>\n<\/li>\n<\/ul>\n<h4>Un: 6ml<\/h4>\n<h4><\/h4>\n<h4><\/h4>\n","protected":false},"excerpt":{"rendered":"<h4>Com sistema exclusivo de evapora\u00e7\u00e3o, elimina o mau cheiro provocado por cigarro e mofo, deixando uma suave fragr\u00e2ncia no ambiente. Dispon\u00edvel com ess\u00eancias suaves e aromas sofisticados, pode ser encontrado em conjunto completo ou apenas em refis de 6ml.<\/h4>\n<h4>Aromas\/Modelos: Frescor &#8211; Marine &#8211; Floral &#8211; Citros- Sementes do Brasil.<\/h4>\n<h4><span style=\"color: #ff0000;\">Para saber o valor por caixa, por gentileza entre em contato conosco.<\/span><\/h4>\n<h4>Un: 6ml<\/h4>\n<h4><\/h4>\n<p>&nbsp;<\/p>\n","protected":false},"featured_media":5241,"template":"","meta":{"_links_to":"","_links_to_target":""},"product_cat":[69],"product_tag":[],"_links":{"self":[{"href":"https:\/\/www.leus.com.br\/index.php?rest_route=\/wp\/v2\/product\/829"}],"collection":[{"href":"https:\/\/www.leus.com.br\/index.php?rest_route=\/wp\/v2\/product"}],"about":[{"href":"https:\/\/www.leus.com.br\/index.php?rest_route=\/wp\/v2\/types\/product"}],"wp:featuredmedia":[{"embeddable":true,"href":"https:\/\/www.leus.com.br\/index.php?rest_route=\/wp\/v2\/media\/5241"}],"wp:attachment":[{"href":"https:\/\/www.leus.com.br\/index.php?rest_route=%2Fwp%2Fv2%2Fmedia&parent=829"}],"wp:term":[{"taxonomy":"product_cat","embeddable":true,"href":"https:\/\/www.leus.com.br\/index.php?rest_route=%2Fwp%2Fv2%2Fproduct_cat&post=829"},{"taxonomy":"product_tag","embeddable":true,"href":"https:\/\/www.leus.com.br\/index.php?rest_route=%2Fwp%2Fv2%2Fproduct_tag&post=829"}],"curies":[{"name":"wp","href":"https:\/\/api.w.org\/{rel}","templated":true}]}}