{"id":831,"date":"2015-11-13T16:06:02","date_gmt":"2015-11-13T16:06:02","guid":{"rendered":"http:\/\/leus.com.br\/site\/?post_type=product&#038;p=831"},"modified":"2019-02-19T16:49:00","modified_gmt":"2019-02-19T19:49:00","slug":"94032366-refil-odorizante-para-painel","status":"publish","type":"product","link":"https:\/\/www.leus.com.br\/?product=94032366-refil-odorizante-para-painel","title":{"rendered":"Refil Odorizante Para Painel &#8211; 6ml"},"content":{"rendered":"<h4><\/h4>\n<h4>Aromas\/Modelo: Frescor &#8211; Marine &#8211; Floral &#8211; Citrus<\/h4>\n<ul>\n<li>\n<h4>Conte\u00fado: 6ml<\/h4>\n<\/li>\n<li>\n<h4>C\u00f3digo do produto Refil Refresh Painel Citrus\u00a0:\u00a030014<\/h4>\n<\/li>\n<li>\n<h4>C\u00f3digo do produto Refil Refresh Painel Marine\u00a0:\u00a030015<\/h4>\n<\/li>\n<li>\n<h4>C\u00f3digo do produto\u00a0Refil Refresh Painel Floral :\u00a030016<\/h4>\n<\/li>\n<li>\n<h4>C\u00f3digo do produto Refil Refresh Painel Frescor\u00a0:\u00a030017<\/h4>\n<\/li>\n<\/ul>\n<h4>Un: 6ml<\/h4>\n<h4><\/h4>\n<p>&nbsp;<\/p>\n","protected":false},"excerpt":{"rendered":"<h4>De f\u00e1cil manuseio, o Refresh Painel Refil \u00e9 uma forma econ\u00f4mica de manter o seu autom\u00f3vel sempre perfumado. Dispon\u00edvel em embalagens de 6ml<\/h4>\n<h4>Aromas\/Modelo: Frescor &#8211; Marine &#8211; Floral &#8211; Citrus<\/h4>\n<h4><span style=\"color: #ff0000;\">Para saber o valor por caixa, por gentileza entre em contato conosco.<\/span><\/h4>\n<h4>Un: 6ml<\/h4>\n<h4><\/h4>\n","protected":false},"featured_media":5244,"template":"","meta":{"_links_to":"","_links_to_target":""},"product_cat":[69],"product_tag":[],"_links":{"self":[{"href":"https:\/\/www.leus.com.br\/index.php?rest_route=\/wp\/v2\/product\/831"}],"collection":[{"href":"https:\/\/www.leus.com.br\/index.php?rest_route=\/wp\/v2\/product"}],"about":[{"href":"https:\/\/www.leus.com.br\/index.php?rest_route=\/wp\/v2\/types\/product"}],"wp:featuredmedia":[{"embeddable":true,"href":"https:\/\/www.leus.com.br\/index.php?rest_route=\/wp\/v2\/media\/5244"}],"wp:attachment":[{"href":"https:\/\/www.leus.com.br\/index.php?rest_route=%2Fwp%2Fv2%2Fmedia&parent=831"}],"wp:term":[{"taxonomy":"product_cat","embeddable":true,"href":"https:\/\/www.leus.com.br\/index.php?rest_route=%2Fwp%2Fv2%2Fproduct_cat&post=831"},{"taxonomy":"product_tag","embeddable":true,"href":"https:\/\/www.leus.com.br\/index.php?rest_route=%2Fwp%2Fv2%2Fproduct_tag&post=831"}],"curies":[{"name":"wp","href":"https:\/\/api.w.org\/{rel}","templated":true}]}}