{"id":832,"date":"2015-11-13T16:06:37","date_gmt":"2015-11-13T16:06:37","guid":{"rendered":"http:\/\/leus.com.br\/site\/?post_type=product&#038;p=832"},"modified":"2019-02-20T09:58:02","modified_gmt":"2019-02-20T12:58:02","slug":"94032367-glass-shield","status":"publish","type":"product","link":"https:\/\/www.leus.com.br\/?product=94032367-glass-shield","title":{"rendered":"Glass Shield &#8211; 90ml"},"content":{"rendered":"<h4>C\u00f3digo do produto:\u00a001865<\/h4>\n<h4>Un: 90ml<\/h4>\n<h4><\/h4>\n<h4><\/h4>\n","protected":false},"excerpt":{"rendered":"<h4>Indispens\u00e1vel nos dias de chuva! Deixa uma pel\u00edcula protetora sobre o vidro do autom\u00f3vel, repelindo, com facilidade, a \u00e1gua que se acumula no para-brisa durante chuvas intensas. Diminui o desgaste da palheta, aumentando assim a sua durabilidade. Aplica\u00e7\u00e3o externa. Tamb\u00e9m pode ser usado em viseiras de capacetes.<\/h4>\n<h4><span style=\"color: #ff0000;\">Para saber o valor por caixa, por gentileza entre em contato conosco.<\/span><\/h4>\n<h4>Un: 90ml<\/h4>\n<h4><\/h4>\n<h4><\/h4>\n<p>&nbsp;<\/p>\n","protected":false},"featured_media":5251,"template":"","meta":{"_links_to":"","_links_to_target":""},"product_cat":[69],"product_tag":[],"_links":{"self":[{"href":"https:\/\/www.leus.com.br\/index.php?rest_route=\/wp\/v2\/product\/832"}],"collection":[{"href":"https:\/\/www.leus.com.br\/index.php?rest_route=\/wp\/v2\/product"}],"about":[{"href":"https:\/\/www.leus.com.br\/index.php?rest_route=\/wp\/v2\/types\/product"}],"wp:featuredmedia":[{"embeddable":true,"href":"https:\/\/www.leus.com.br\/index.php?rest_route=\/wp\/v2\/media\/5251"}],"wp:attachment":[{"href":"https:\/\/www.leus.com.br\/index.php?rest_route=%2Fwp%2Fv2%2Fmedia&parent=832"}],"wp:term":[{"taxonomy":"product_cat","embeddable":true,"href":"https:\/\/www.leus.com.br\/index.php?rest_route=%2Fwp%2Fv2%2Fproduct_cat&post=832"},{"taxonomy":"product_tag","embeddable":true,"href":"https:\/\/www.leus.com.br\/index.php?rest_route=%2Fwp%2Fv2%2Fproduct_tag&post=832"}],"curies":[{"name":"wp","href":"https:\/\/api.w.org\/{rel}","templated":true}]}}