{"id":833,"date":"2015-11-13T16:07:46","date_gmt":"2015-11-13T16:07:46","guid":{"rendered":"http:\/\/leus.com.br\/site\/?post_type=product&#038;p=833"},"modified":"2019-02-20T09:45:10","modified_gmt":"2019-02-20T12:45:10","slug":"94032368-detergente-limpa-vidros","status":"publish","type":"product","link":"https:\/\/www.leus.com.br\/?product=94032368-detergente-limpa-vidros","title":{"rendered":"Detergente Limpa Vidros &#8211; 100ml"},"content":{"rendered":"<h4>C\u00f3digo do produto:\u00a000330.<\/h4>\n<h4>Un: 100ml<\/h4>\n<h4><\/h4>\n<p>&nbsp;<\/p>\n","protected":false},"excerpt":{"rendered":"<h4>Detergente com excelentes propriedades qu\u00edmicas. Remove facilmente a sujeira do p\u00e1ra-brisa, janelas, espelhos e far\u00f3is, melhorando a visibilidade e eliminando o emba\u00e7amento. Colabora para prolongar a vida \u00fatil das palhetas sem atacar a pintura. Fragr\u00e2ncia suave.<\/h4>\n<h4><span style=\"color: #ff0000;\">Para saber o valor por caixa, por gentileza entre em contato conosco.<\/span><\/h4>\n<h4>Un: 100ml<\/h4>\n<h4><\/h4>\n<h4><\/h4>\n","protected":false},"featured_media":5250,"template":"","meta":{"_links_to":"","_links_to_target":""},"product_cat":[69],"product_tag":[],"_links":{"self":[{"href":"https:\/\/www.leus.com.br\/index.php?rest_route=\/wp\/v2\/product\/833"}],"collection":[{"href":"https:\/\/www.leus.com.br\/index.php?rest_route=\/wp\/v2\/product"}],"about":[{"href":"https:\/\/www.leus.com.br\/index.php?rest_route=\/wp\/v2\/types\/product"}],"wp:featuredmedia":[{"embeddable":true,"href":"https:\/\/www.leus.com.br\/index.php?rest_route=\/wp\/v2\/media\/5250"}],"wp:attachment":[{"href":"https:\/\/www.leus.com.br\/index.php?rest_route=%2Fwp%2Fv2%2Fmedia&parent=833"}],"wp:term":[{"taxonomy":"product_cat","embeddable":true,"href":"https:\/\/www.leus.com.br\/index.php?rest_route=%2Fwp%2Fv2%2Fproduct_cat&post=833"},{"taxonomy":"product_tag","embeddable":true,"href":"https:\/\/www.leus.com.br\/index.php?rest_route=%2Fwp%2Fv2%2Fproduct_tag&post=833"}],"curies":[{"name":"wp","href":"https:\/\/api.w.org\/{rel}","templated":true}]}}