{"id":837,"date":"2015-11-13T16:20:10","date_gmt":"2015-11-13T16:20:10","guid":{"rendered":"http:\/\/leus.com.br\/site\/?post_type=product&#038;p=837"},"modified":"2019-02-20T09:40:30","modified_gmt":"2019-02-20T12:40:30","slug":"94032371-silicone-gel","status":"publish","type":"product","link":"https:\/\/www.leus.com.br\/?product=94032371-silicone-gel","title":{"rendered":"Silicone Gel &#8211; 200 gr"},"content":{"rendered":"<h4>C\u00f3digo do produto:\u00a000643<\/h4>\n<h4><\/h4>\n<h4><\/h4>\n<h4><\/h4>\n<p>&nbsp;<\/p>\n<p>&nbsp;<\/p>\n","protected":false},"excerpt":{"rendered":"<h4>Criado com a mais alta tecnologia para limpar, dar brilho e proteger partes emborrachadas, para-choques, frisos, pneus, etc. Nova embalagem, com formato anat\u00f4mico para facilitar ainda mais a aplica\u00e7\u00e3o.<\/h4>\n<h4><span style=\"color: #ff0000;\">Para saber o valor por caixa, por gentileza entre em contato conosco.<\/span><\/h4>\n<h4>Un: 200ml<\/h4>\n<h4><\/h4>\n<h4><\/h4>\n","protected":false},"featured_media":5249,"template":"","meta":{"_links_to":"","_links_to_target":""},"product_cat":[69],"product_tag":[],"_links":{"self":[{"href":"https:\/\/www.leus.com.br\/index.php?rest_route=\/wp\/v2\/product\/837"}],"collection":[{"href":"https:\/\/www.leus.com.br\/index.php?rest_route=\/wp\/v2\/product"}],"about":[{"href":"https:\/\/www.leus.com.br\/index.php?rest_route=\/wp\/v2\/types\/product"}],"wp:featuredmedia":[{"embeddable":true,"href":"https:\/\/www.leus.com.br\/index.php?rest_route=\/wp\/v2\/media\/5249"}],"wp:attachment":[{"href":"https:\/\/www.leus.com.br\/index.php?rest_route=%2Fwp%2Fv2%2Fmedia&parent=837"}],"wp:term":[{"taxonomy":"product_cat","embeddable":true,"href":"https:\/\/www.leus.com.br\/index.php?rest_route=%2Fwp%2Fv2%2Fproduct_cat&post=837"},{"taxonomy":"product_tag","embeddable":true,"href":"https:\/\/www.leus.com.br\/index.php?rest_route=%2Fwp%2Fv2%2Fproduct_tag&post=837"}],"curies":[{"name":"wp","href":"https:\/\/api.w.org\/{rel}","templated":true}]}}