{"id":838,"date":"2015-11-13T16:21:03","date_gmt":"2015-11-13T16:21:03","guid":{"rendered":"http:\/\/leus.com.br\/site\/?post_type=product&#038;p=838"},"modified":"2020-02-20T16:59:09","modified_gmt":"2020-02-20T19:59:09","slug":"94032372-limpa-couro","status":"publish","type":"product","link":"https:\/\/www.leus.com.br\/?product=94032372-limpa-couro","title":{"rendered":"Limpa Couro &#8211; 200ml"},"content":{"rendered":"<ul>\n<li>\n<h4>ZERO (0%) abrasivos e solventes!<\/h4>\n<\/li>\n<li>\n<h4>C\u00f3digo do produto:\u00a000144<\/h4>\n<\/li>\n<\/ul>\n<h4>Un: 200ml<\/h4>\n<h4><\/h4>\n<h4><\/h4>\n","protected":false},"excerpt":{"rendered":"<h4>Desenvolvido para hidratar e limpar o couro, material que, com o passar do tempo, perde cor, elasticidade e resist\u00eancia, rasgando-se com facilidade. O produto cont\u00e9m ess\u00eancia de couro e agora \u00e9 oferecido em uma nova embalagem com formato anat\u00f4mico. Pode ser usado n\u00e3o s\u00f3 no interior do autom\u00f3vel, mas tamb\u00e9m em carteiras, sof\u00e1s, roupas e qualquer superf\u00edcie feita em couro.<\/h4>\n<h4><span style=\"color: #ff0000;\">Para saber o valor por caixa, por gentileza entre em contato conosco.<\/span><\/h4>\n<h4>Un: 200ml<\/h4>\n<h4><\/h4>\n<p>&nbsp;<\/p>\n","protected":false},"featured_media":5248,"template":"","meta":{"_links_to":"","_links_to_target":""},"product_cat":[69],"product_tag":[],"_links":{"self":[{"href":"https:\/\/www.leus.com.br\/index.php?rest_route=\/wp\/v2\/product\/838"}],"collection":[{"href":"https:\/\/www.leus.com.br\/index.php?rest_route=\/wp\/v2\/product"}],"about":[{"href":"https:\/\/www.leus.com.br\/index.php?rest_route=\/wp\/v2\/types\/product"}],"wp:featuredmedia":[{"embeddable":true,"href":"https:\/\/www.leus.com.br\/index.php?rest_route=\/wp\/v2\/media\/5248"}],"wp:attachment":[{"href":"https:\/\/www.leus.com.br\/index.php?rest_route=%2Fwp%2Fv2%2Fmedia&parent=838"}],"wp:term":[{"taxonomy":"product_cat","embeddable":true,"href":"https:\/\/www.leus.com.br\/index.php?rest_route=%2Fwp%2Fv2%2Fproduct_cat&post=838"},{"taxonomy":"product_tag","embeddable":true,"href":"https:\/\/www.leus.com.br\/index.php?rest_route=%2Fwp%2Fv2%2Fproduct_tag&post=838"}],"curies":[{"name":"wp","href":"https:\/\/api.w.org\/{rel}","templated":true}]}}