{"id":841,"date":"2015-11-13T16:25:22","date_gmt":"2015-11-13T16:25:22","guid":{"rendered":"http:\/\/leus.com.br\/site\/?post_type=product&#038;p=841"},"modified":"2019-02-13T14:13:41","modified_gmt":"2019-02-13T16:13:41","slug":"94032375-lava-autos-plus","status":"publish","type":"product","link":"https:\/\/www.leus.com.br\/?product=94032375-lava-autos-plus","title":{"rendered":"Lava Auto Plus &#8211; 500ml"},"content":{"rendered":"<h4><\/h4>\n<h4><\/h4>\n<p><strong>Assista ao v\u00eddeo e aprenda a usar o Lava Autos:<\/strong><\/p>\n<div class='et_post_video'><iframe width=\"1080\" height=\"608\" src=\"https:\/\/www.youtube.com\/embed\/qPiSoq4FpFg?feature=oembed\" frameborder=\"0\" allow=\"accelerometer; autoplay; encrypted-media; gyroscope; picture-in-picture\" allowfullscreen><\/iframe><\/div>\n","protected":false},"excerpt":{"rendered":"<h4>Biodegrad\u00e1vel, o Lava Autos AutoShine apresenta uma f\u00f3rmula balanceada, permitindo que o produto possa ser usado em qualquer tipo de pintura, n\u00e3o agredindo ou reduzindo o brilho das superf\u00edcies enceradas.<\/h4>\n<h4><span style=\"color: #ff0000;\">Para saber o valor por caixa, por gentileza entre em contato conosco.<\/span><\/h4>\n<h4>Un: 500ml<\/h4>\n<h4><\/h4>\n<p>&nbsp;<\/p>\n<h4><\/h4>\n","protected":false},"featured_media":5243,"template":"","meta":{"_links_to":"","_links_to_target":""},"product_cat":[69],"product_tag":[],"_links":{"self":[{"href":"https:\/\/www.leus.com.br\/index.php?rest_route=\/wp\/v2\/product\/841"}],"collection":[{"href":"https:\/\/www.leus.com.br\/index.php?rest_route=\/wp\/v2\/product"}],"about":[{"href":"https:\/\/www.leus.com.br\/index.php?rest_route=\/wp\/v2\/types\/product"}],"wp:featuredmedia":[{"embeddable":true,"href":"https:\/\/www.leus.com.br\/index.php?rest_route=\/wp\/v2\/media\/5243"}],"wp:attachment":[{"href":"https:\/\/www.leus.com.br\/index.php?rest_route=%2Fwp%2Fv2%2Fmedia&parent=841"}],"wp:term":[{"taxonomy":"product_cat","embeddable":true,"href":"https:\/\/www.leus.com.br\/index.php?rest_route=%2Fwp%2Fv2%2Fproduct_cat&post=841"},{"taxonomy":"product_tag","embeddable":true,"href":"https:\/\/www.leus.com.br\/index.php?rest_route=%2Fwp%2Fv2%2Fproduct_tag&post=841"}],"curies":[{"name":"wp","href":"https:\/\/api.w.org\/{rel}","templated":true}]}}