{"id":842,"date":"2015-11-13T16:27:01","date_gmt":"2015-11-13T16:27:01","guid":{"rendered":"http:\/\/leus.com.br\/site\/?post_type=product&#038;p=842"},"modified":"2019-02-05T16:03:06","modified_gmt":"2019-02-05T18:03:06","slug":"94032662-higienizador-de-ar-condicionado","status":"publish","type":"product","link":"https:\/\/www.leus.com.br\/?product=94032662-higienizador-de-ar-condicionado","title":{"rendered":"Higienizador de Ar Condicionado &#8211; 250ml"},"content":{"rendered":"<h4>Produto desenvolvido para limpeza de dutos de sistemas de ventila\u00e7\u00e3o e refrigera\u00e7\u00e3o em ambientes dom\u00e9sticos, institucionais e em ve\u00edculos. Removendo as sujeiras e oleosidades do interior do sistema, permitindo uma melhor qualidade do ar.<\/h4>\n<h4>Aromas\/Modelos: Lavanda &#8211; Citrus &#8211; Carro Novo- Herbal<\/h4>\n<h4>C\u00f3digo do produto:\u00a002414<\/h4>\n<p><a href=\"http:\/\/leus.com.br\/site\/wp-content\/uploads\/2015\/11\/FISPQ-LIMPA-AR-CONDICIONADO-2015.pdf\">FISPQ LIMPA AR CONDICIONADO 2015<\/a><\/p>\n<h4>Un: 250ml<\/h4>\n<h4><\/h4>\n<h4><\/h4>\n","protected":false},"excerpt":{"rendered":"<h4><span style=\"color: #ff0000;\">Para saber o valor por caixa, por gentileza entre em contato conosco.<\/span><\/h4>\n<h4><\/h4>\n<h4><\/h4>\n<p>&nbsp;<\/p>\n","protected":false},"featured_media":5238,"template":"","meta":{"_links_to":"","_links_to_target":""},"product_cat":[69],"product_tag":[],"_links":{"self":[{"href":"https:\/\/www.leus.com.br\/index.php?rest_route=\/wp\/v2\/product\/842"}],"collection":[{"href":"https:\/\/www.leus.com.br\/index.php?rest_route=\/wp\/v2\/product"}],"about":[{"href":"https:\/\/www.leus.com.br\/index.php?rest_route=\/wp\/v2\/types\/product"}],"wp:featuredmedia":[{"embeddable":true,"href":"https:\/\/www.leus.com.br\/index.php?rest_route=\/wp\/v2\/media\/5238"}],"wp:attachment":[{"href":"https:\/\/www.leus.com.br\/index.php?rest_route=%2Fwp%2Fv2%2Fmedia&parent=842"}],"wp:term":[{"taxonomy":"product_cat","embeddable":true,"href":"https:\/\/www.leus.com.br\/index.php?rest_route=%2Fwp%2Fv2%2Fproduct_cat&post=842"},{"taxonomy":"product_tag","embeddable":true,"href":"https:\/\/www.leus.com.br\/index.php?rest_route=%2Fwp%2Fv2%2Fproduct_tag&post=842"}],"curies":[{"name":"wp","href":"https:\/\/api.w.org\/{rel}","templated":true}]}}