{"id":844,"date":"2015-11-13T16:28:30","date_gmt":"2015-11-13T16:28:30","guid":{"rendered":"http:\/\/leus.com.br\/site\/?post_type=product&#038;p=844"},"modified":"2019-02-20T09:21:57","modified_gmt":"2019-02-20T12:21:57","slug":"94032353-cera-liquida","status":"publish","type":"product","link":"https:\/\/www.leus.com.br\/?product=94032353-cera-liquida","title":{"rendered":"Cera L\u00edquida &#8211; 500ml"},"content":{"rendered":"<h4><\/h4>\n<h4><\/h4>\n<h4><\/h4>\n","protected":false},"excerpt":{"rendered":"<h4>Desenvolvida \u00e0 base de resinas especiais que protegem, renovam e restauram a cor original do seu autom\u00f3vel, a Cera L\u00edquida AutoShine \u00e9 perfeita para carros novos, cristalizados e de exposi\u00e7\u00e3o, pois n\u00e3o cont\u00e9m nenhum tipo de solventes ou abrasivos.<\/h4>\n<h4><span style=\"color: #ff0000;\">Para saber o valor por caixa, por gentileza entre em contato conosco.<\/span><\/h4>\n<h4>Un: 500ml<\/h4>\n<h4><\/h4>\n<h4><\/h4>\n","protected":false},"featured_media":5246,"template":"","meta":{"_links_to":"","_links_to_target":""},"product_cat":[69],"product_tag":[],"_links":{"self":[{"href":"https:\/\/www.leus.com.br\/index.php?rest_route=\/wp\/v2\/product\/844"}],"collection":[{"href":"https:\/\/www.leus.com.br\/index.php?rest_route=\/wp\/v2\/product"}],"about":[{"href":"https:\/\/www.leus.com.br\/index.php?rest_route=\/wp\/v2\/types\/product"}],"wp:featuredmedia":[{"embeddable":true,"href":"https:\/\/www.leus.com.br\/index.php?rest_route=\/wp\/v2\/media\/5246"}],"wp:attachment":[{"href":"https:\/\/www.leus.com.br\/index.php?rest_route=%2Fwp%2Fv2%2Fmedia&parent=844"}],"wp:term":[{"taxonomy":"product_cat","embeddable":true,"href":"https:\/\/www.leus.com.br\/index.php?rest_route=%2Fwp%2Fv2%2Fproduct_cat&post=844"},{"taxonomy":"product_tag","embeddable":true,"href":"https:\/\/www.leus.com.br\/index.php?rest_route=%2Fwp%2Fv2%2Fproduct_tag&post=844"}],"curies":[{"name":"wp","href":"https:\/\/api.w.org\/{rel}","templated":true}]}}