{"id":962,"date":"2015-11-16T10:45:33","date_gmt":"2015-11-16T10:45:33","guid":{"rendered":"http:\/\/leus.com.br\/site\/?post_type=product&#038;p=962"},"modified":"2016-11-22T19:04:13","modified_gmt":"2016-11-22T19:04:13","slug":"cp828h-chave-catraca-12-2","status":"publish","type":"product","link":"https:\/\/www.leus.com.br\/?product=cp828h-chave-catraca-12-2","title":{"rendered":"CP828H &#8211; CHAVE CATRACA 1\/2&#8243;"},"content":{"rendered":"<p><strong>Benef\u00edcios<\/strong><\/p>\n<ul class=\"features_list\">\n<li>\n<h4>F\u00e1cil acesso em \u00e1rea restrita<\/h4>\n<\/li>\n<li>\n<h4>Maior durabilidade em rela\u00e7\u00e3o a outras catracas de pre\u00e7o reduzido<\/h4>\n<\/li>\n<li>\n<h4>Reverso de apoio f\u00e1cil para mudan\u00e7as direcionais simples<\/h4>\n<\/li>\n<\/ul>\n<p><strong>Caracter\u00edsticas<\/strong><\/p>\n<ul class=\"features_list\">\n<li>\n<h4>Catraca de 1\/2&#8243;<\/h4>\n<\/li>\n<li>\n<h4>Apresenta o projeto de cabe\u00e7ote antiderrapante TriSpring patenteado da Chicago Pneumatic<\/h4>\n<\/li>\n<li>\n<h4>Compacta, mas ainda em um pacote de pot\u00eancia e velocidade<\/h4>\n<\/li>\n<li>\n<h4>Engrenagens refor\u00e7adas<\/h4>\n<\/li>\n<\/ul>\n<table class=\"data sort_header\">\n<tbody>\n<tr class=\"\">\n<td class=\"h\">\n<h4>N\u00famero da pe\u00e7a<\/h4>\n<\/td>\n<td colspan=\"2\">\n<h4>T022970<\/h4>\n<\/td>\n<\/tr>\n<tr class=\"over\">\n<td class=\"h\">\n<h4>Modelo<\/h4>\n<\/td>\n<td colspan=\"2\">\n<h4>CP828H<\/h4>\n<\/td>\n<\/tr>\n<tr class=\"\">\n<td class=\"h\">\n<h4>Impulsor Quadrado<\/h4>\n<\/td>\n<td>\n<h4>1\/2&#8243;<\/h4>\n<\/td>\n<td class=\"blurred\">\n<h4><\/h4>\n<\/td>\n<\/tr>\n<tr class=\"\">\n<td class=\"h\">\n<h4>Faixa de torque de trabalho<\/h4>\n<\/td>\n<td>\n<h4>13-70\u00a0Nm<\/h4>\n<\/td>\n<td class=\"blurred\">\n<h4>10-50<\/h4>\n<\/td>\n<\/tr>\n<tr class=\"\">\n<td class=\"h\">\n<h4>Torque max.<\/h4>\n<\/td>\n<td>\n<h4>70\u00a0Nm<\/h4>\n<\/td>\n<td class=\"blurred\">\n<h4>50\u00a0p\u00e9s.lbs<\/h4>\n<\/td>\n<\/tr>\n<tr class=\"\">\n<td class=\"h\">\n<h4>Velocidade livre<\/h4>\n<\/td>\n<td colspan=\"2\">\n<h4>150\u00a0rpm<\/h4>\n<\/td>\n<\/tr>\n<tr class=\"\">\n<td class=\"h\">\n<h4>Peso l\u00edquido<\/h4>\n<\/td>\n<td>\n<h4>1.1\u00a0kg<\/h4>\n<\/td>\n<td class=\"blurred\">\n<h4>2.4\u00a0lb<\/h4>\n<\/td>\n<\/tr>\n<tr class=\"\">\n<td class=\"h\">\n<h4>Comprimento<\/h4>\n<\/td>\n<td>\n<h4>254\u00a0mm<\/h4>\n<\/td>\n<td class=\"blurred\">\n<h4>10&#8243;<\/h4>\n<\/td>\n<\/tr>\n<tr class=\"\">\n<td class=\"h\">\n<h4>Consumo m\u00e9dio de ar<\/h4>\n<\/td>\n<td>\n<h4>106\u00a0l\/mn<\/h4>\n<\/td>\n<td class=\"blurred\">\n<h4>3.75\u00a0cfm<\/h4>\n<\/td>\n<\/tr>\n<tr class=\"\">\n<td class=\"h\">\n<h4>Consumo m\u00e9dio de ar<\/h4>\n<\/td>\n<td>\n<h4>1.8\u00a0l\/s<\/h4>\n<\/td>\n<td class=\"blurred\">\n<h4>3.75\u00a0cfm<\/h4>\n<\/td>\n<\/tr>\n<tr>\n<td class=\"h\">\n<h4>Consumo real de ar<\/h4>\n<\/td>\n<td>\n<h4>425\u00a0l\/mn<\/h4>\n<\/td>\n<td class=\"blurred\">\n<h4>15\u00a0cfm<\/h4>\n<\/td>\n<\/tr>\n<tr>\n<td class=\"h\">\n<h4>Consumo real de ar<\/h4>\n<\/td>\n<td>\n<h4>7.1\u00a0l\/s<\/h4>\n<\/td>\n<td class=\"blurred\">\n<h4>15\u00a0cfm<\/h4>\n<\/td>\n<\/tr>\n<tr>\n<td class=\"h\">\n<h4>Tamanho da rosca da entrada de ar<\/h4>\n<\/td>\n<td colspan=\"2\">\n<h4>0.25\u00a0&#8220;<\/h4>\n<\/td>\n<\/tr>\n<tr>\n<td class=\"h\">\n<h4>Tamanho min. mangueira<\/h4>\n<\/td>\n<td>\n<h4>10\u00a0mm<\/h4>\n<\/td>\n<td class=\"blurred\">\n<h4>3\/8&#8243;<\/h4>\n<\/td>\n<\/tr>\n<tr>\n<td class=\"h\">\n<h4>Press\u00e3o som DBA<\/h4>\n<\/td>\n<td colspan=\"2\">\n<h4>108\u00a0db(A)<\/h4>\n<\/td>\n<\/tr>\n<tr class=\"\">\n<td class=\"h\">\n<h4>N\u00edvel de ru\u00eddo<\/h4>\n<\/td>\n<td colspan=\"2\">\n<h4>97\u00a0db(A)<\/h4>\n<\/td>\n<\/tr>\n<tr class=\"\">\n<td class=\"h\">\n<h4>Vibra\u00e7\u00e3o (ISO-8662-7)<\/h4>\n<\/td>\n<td colspan=\"2\">\n<h4>10\u00a0m\/s\u00b2<\/h4>\n<\/td>\n<\/tr>\n<tr class=\"\">\n<td class=\"h\">\n<h4>Vibra\u00e7\u00e3o \u03b1 (ISO-28927-2)<\/h4>\n<\/td>\n<td colspan=\"2\">\n<h4>3.2\u00a0m\/s\u00b2<\/h4>\n<\/td>\n<\/tr>\n<tr class=\"\">\n<td class=\"h\">\n<h4>Vibra\u00e7\u00e3o K (ISO-28927-2)<\/h4>\n<\/td>\n<td colspan=\"2\">\n<h4>1.3\u00a0m\/s\u00b2<\/h4>\n<\/td>\n<\/tr>\n<\/tbody>\n<\/table>\n","protected":false},"excerpt":{"rendered":"<ul class=\"features_list\">\n<li>\n<h4>F\u00e1cil acesso em \u00e1rea restrita<\/h4>\n<\/li>\n<li>\n<h4>Maior durabilidade em rela\u00e7\u00e3o a outras catracas de pre\u00e7o reduzido<\/h4>\n<\/li>\n<li>\n<h4>Reverso de apoio f\u00e1cil para mudan\u00e7as direcionais simples<\/h4>\n<\/li>\n<\/ul>\n","protected":false},"featured_media":3209,"template":"","meta":{"_links_to":"","_links_to_target":""},"product_cat":[8],"product_tag":[],"_links":{"self":[{"href":"https:\/\/www.leus.com.br\/index.php?rest_route=\/wp\/v2\/product\/962"}],"collection":[{"href":"https:\/\/www.leus.com.br\/index.php?rest_route=\/wp\/v2\/product"}],"about":[{"href":"https:\/\/www.leus.com.br\/index.php?rest_route=\/wp\/v2\/types\/product"}],"wp:featuredmedia":[{"embeddable":true,"href":"https:\/\/www.leus.com.br\/index.php?rest_route=\/wp\/v2\/media\/3209"}],"wp:attachment":[{"href":"https:\/\/www.leus.com.br\/index.php?rest_route=%2Fwp%2Fv2%2Fmedia&parent=962"}],"wp:term":[{"taxonomy":"product_cat","embeddable":true,"href":"https:\/\/www.leus.com.br\/index.php?rest_route=%2Fwp%2Fv2%2Fproduct_cat&post=962"},{"taxonomy":"product_tag","embeddable":true,"href":"https:\/\/www.leus.com.br\/index.php?rest_route=%2Fwp%2Fv2%2Fproduct_tag&post=962"}],"curies":[{"name":"wp","href":"https:\/\/api.w.org\/{rel}","templated":true}]}}