{"id":978,"date":"2015-11-16T11:00:38","date_gmt":"2015-11-16T11:00:38","guid":{"rendered":"http:\/\/leus.com.br\/site\/?post_type=product&#038;p=978"},"modified":"2016-11-22T19:07:49","modified_gmt":"2016-11-22T19:07:49","slug":"cp854-esmerilhadeira-4","status":"publish","type":"product","link":"https:\/\/www.leus.com.br\/?product=cp854-esmerilhadeira-4","title":{"rendered":"CP854 &#8211; ESMERILHADEIRA 4&#8243;"},"content":{"rendered":"<p><strong>Benef\u00edcios<\/strong><\/p>\n<ul class=\"features_list\">\n<li>\n<h4>Eficiente com remo\u00e7\u00e3o r\u00e1pida de material<\/h4>\n<\/li>\n<li>\n<h4>Maior vida \u00fatil e baixa vibra\u00e7\u00e3o<\/h4>\n<\/li>\n<li>\n<h4>Ferramenta leve, mas robusta para m\u00e1ximo conforto do operador<\/h4>\n<\/li>\n<li>\n<h4>Excelente para prepara\u00e7\u00e3o e alisamento de solda, remo\u00e7\u00e3o de ferrugem, remo\u00e7\u00e3o de rebarbas e fundi\u00e7\u00e3o de a\u00e7o, ferro fundido e alum\u00ednio<\/h4>\n<\/li>\n<\/ul>\n<p><strong>Caracter\u00edsticas<\/strong><\/p>\n<ul class=\"features_list\">\n<li>\n<h4>Esmerilhadeira angular de 4&#8243; (100 mm) para trabalho pesado<\/h4>\n<\/li>\n<li>\n<h4>Motor potente de alto desempenho com 0,6 hp (450 W)<\/h4>\n<\/li>\n<li>\n<h4>Corpo da ferramenta produzido com liga de alum\u00ednio, tornando-a mais leve<\/h4>\n<\/li>\n<li>\n<h4>Engrenagem chanfrada espiral em \u00e2ngulo<\/h4>\n<\/li>\n<\/ul>\n<table class=\"data sort_header\">\n<tbody>\n<tr class=\"over\">\n<td class=\"h\">\n<h4>N\u00famero da pe\u00e7a<\/h4>\n<\/td>\n<td colspan=\"2\">\n<h4>T023186<\/h4>\n<\/td>\n<\/tr>\n<tr class=\"\">\n<td class=\"h\">\n<h4>Modelo<\/h4>\n<\/td>\n<td colspan=\"2\">\n<h4>CP854<\/h4>\n<\/td>\n<\/tr>\n<tr class=\"\">\n<td class=\"h\">\n<h4>Rosca da Haste<\/h4>\n<\/td>\n<td colspan=\"2\">\n<h4>3\/8-24<\/h4>\n<\/td>\n<\/tr>\n<tr class=\"\">\n<td class=\"h\">\n<h4>Tamanho do disco<\/h4>\n<\/td>\n<td>\n<h4>100\u00a0mm<\/h4>\n<\/td>\n<td class=\"blurred\">\n<h4>4&#8243;<\/h4>\n<\/td>\n<\/tr>\n<tr class=\"\">\n<td class=\"h\">\n<h4>Diam. Rebolo copo<\/h4>\n<\/td>\n<td>\n<h4>&#8211;<\/h4>\n<\/td>\n<td class=\"blurred\">\n<h4>&#8211;<\/h4>\n<\/td>\n<\/tr>\n<tr class=\"\">\n<td class=\"h\">\n<h4>Velocidade livre<\/h4>\n<\/td>\n<td colspan=\"2\">\n<h4>13000\u00a0rpm<\/h4>\n<\/td>\n<\/tr>\n<tr class=\"\">\n<td class=\"h\">\n<h4>Energia<\/h4>\n<\/td>\n<td>\n<h4>525\u00a0W<\/h4>\n<\/td>\n<td class=\"blurred\">\n<h4>0.7\u00a0hp<\/h4>\n<\/td>\n<\/tr>\n<tr class=\"\">\n<td class=\"h\">\n<h4>Comprimento<\/h4>\n<\/td>\n<td>\n<h4>229\u00a0mm<\/h4>\n<\/td>\n<td class=\"blurred\">\n<h4>9&#8243;<\/h4>\n<\/td>\n<\/tr>\n<tr class=\"\">\n<td class=\"h\">\n<h4>Peso l\u00edquido<\/h4>\n<\/td>\n<td>\n<h4>1.7\u00a0kg<\/h4>\n<\/td>\n<td class=\"blurred\">\n<h4>3.75\u00a0lb<\/h4>\n<\/td>\n<\/tr>\n<tr class=\"\">\n<td class=\"h\">\n<h4>N\u00edvel de ru\u00eddo<\/h4>\n<\/td>\n<td colspan=\"2\">\n<h4>85\u00a0db(A)<\/h4>\n<\/td>\n<\/tr>\n<tr class=\"\">\n<td class=\"h\">\n<h4>Pot\u00eancia de som<\/h4>\n<\/td>\n<td colspan=\"2\">\n<h4>96\u00a0db(A)<\/h4>\n<\/td>\n<\/tr>\n<tr class=\"\">\n<td class=\"h\">\n<h4>Vibra\u00e7\u00e3o (ISO-8662-4)<\/h4>\n<\/td>\n<td colspan=\"2\">\n<h4>4.8\u00a0m\/s\u00b2<\/h4>\n<\/td>\n<\/tr>\n<tr class=\"\">\n<td class=\"h\">\n<h4>Vibra\u00e7\u00e3o \u03b1 (ISO-28927-1)<\/h4>\n<\/td>\n<td colspan=\"2\">\n<h4>4.94\u00a0m\/s\u00b2<\/h4>\n<\/td>\n<\/tr>\n<tr class=\"\">\n<td class=\"h\">\n<h4>Vibra\u00e7\u00e3o K (ISO-28927-1)<\/h4>\n<\/td>\n<td colspan=\"2\">\n<h4>1.5\u00a0m\/s\u00b2<\/h4>\n<\/td>\n<\/tr>\n<tr class=\"\">\n<td class=\"h\">\n<h4>Consumo m\u00e9dio de ar<\/h4>\n<\/td>\n<td>\n<h4>2.8\u00a0l\/s<\/h4>\n<\/td>\n<td class=\"blurred\">\n<h4>6\u00a0cfm<\/h4>\n<\/td>\n<\/tr>\n<tr class=\"\">\n<td class=\"h\">\n<h4>Consumo m\u00e9dio de ar<\/h4>\n<\/td>\n<td>\n<h4>170\u00a0l\/mn<\/h4>\n<\/td>\n<td class=\"blurred\">\n<h4>6\u00a0cfm<\/h4>\n<\/td>\n<\/tr>\n<tr class=\"\">\n<td class=\"h\">\n<h4>Consumo real de ar<\/h4>\n<\/td>\n<td>\n<h4>11.32\u00a0l\/s<\/h4>\n<\/td>\n<td class=\"blurred\">\n<h4>24\u00a0cfm<\/h4>\n<\/td>\n<\/tr>\n<tr class=\"\">\n<td class=\"h\">\n<h4>Consumo real de ar<\/h4>\n<\/td>\n<td>\n<h4>680\u00a0l\/mn<\/h4>\n<\/td>\n<td class=\"blurred\">\n<h4>24\u00a0cfm<\/h4>\n<\/td>\n<\/tr>\n<tr class=\"\">\n<td class=\"h\">\n<h4>Consumo de ar em velocidade livre<\/h4>\n<\/td>\n<td>\n<h4>11.3\u00a0l\/s<\/h4>\n<\/td>\n<td class=\"blurred\">\n<h4>24\u00a0cfm<\/h4>\n<\/td>\n<\/tr>\n<tr class=\"\">\n<td class=\"h\">\n<h4>Tamanho min. mangueira<\/h4>\n<\/td>\n<td>\n<h4>10\u00a0mm<\/h4>\n<\/td>\n<td class=\"blurred\">\n<h4>3\/8&#8243;<\/h4>\n<\/td>\n<\/tr>\n<tr class=\"\">\n<td class=\"h\">\n<h4>Tamanho da rosca da entrada de ar<\/h4>\n<\/td>\n<td colspan=\"2\">\n<h4>1\/4<\/h4>\n<\/td>\n<\/tr>\n<\/tbody>\n<\/table>\n<div class='et_post_video'><iframe width=\"1080\" height=\"810\" src=\"https:\/\/www.youtube.com\/embed\/XoGV39m8hKw?feature=oembed\" frameborder=\"0\" allowfullscreen><\/iframe><\/div>\n","protected":false},"excerpt":{"rendered":"<ul class=\"features_list\">\n<li>\n<h4>Eficiente com remo\u00e7\u00e3o r\u00e1pida de material<\/h4>\n<\/li>\n<li>\n<h4>Maior vida \u00fatil e baixa vibra\u00e7\u00e3o<\/h4>\n<\/li>\n<li>\n<h4>Ferramenta leve, mas robusta para m\u00e1ximo conforto do operador<\/h4>\n<\/li>\n<li>\n<h4>Excelente para prepara\u00e7\u00e3o e alisamento de solda, remo\u00e7\u00e3o de ferrugem, remo\u00e7\u00e3o de rebarbas e fundi\u00e7\u00e3o de a\u00e7o, ferro fundido e alum\u00ednio<\/h4>\n<\/li>\n<\/ul>\n","protected":false},"featured_media":3211,"template":"","meta":{"_links_to":"","_links_to_target":""},"product_cat":[8],"product_tag":[],"_links":{"self":[{"href":"https:\/\/www.leus.com.br\/index.php?rest_route=\/wp\/v2\/product\/978"}],"collection":[{"href":"https:\/\/www.leus.com.br\/index.php?rest_route=\/wp\/v2\/product"}],"about":[{"href":"https:\/\/www.leus.com.br\/index.php?rest_route=\/wp\/v2\/types\/product"}],"wp:featuredmedia":[{"embeddable":true,"href":"https:\/\/www.leus.com.br\/index.php?rest_route=\/wp\/v2\/media\/3211"}],"wp:attachment":[{"href":"https:\/\/www.leus.com.br\/index.php?rest_route=%2Fwp%2Fv2%2Fmedia&parent=978"}],"wp:term":[{"taxonomy":"product_cat","embeddable":true,"href":"https:\/\/www.leus.com.br\/index.php?rest_route=%2Fwp%2Fv2%2Fproduct_cat&post=978"},{"taxonomy":"product_tag","embeddable":true,"href":"https:\/\/www.leus.com.br\/index.php?rest_route=%2Fwp%2Fv2%2Fproduct_tag&post=978"}],"curies":[{"name":"wp","href":"https:\/\/api.w.org\/{rel}","templated":true}]}}