{"id":982,"date":"2015-11-16T11:05:26","date_gmt":"2015-11-16T11:05:26","guid":{"rendered":"http:\/\/leus.com.br\/site\/?post_type=product&#038;p=982"},"modified":"2016-09-06T11:57:36","modified_gmt":"2016-09-06T11:57:36","slug":"cp6300-rsr-chave-impacto-38-2","status":"publish","type":"product","link":"https:\/\/www.leus.com.br\/?product=cp6300-rsr-chave-impacto-38-2","title":{"rendered":"CP6300 RSR &#8211; CHAVE IMPACTO 3\/8&#8243;"},"content":{"rendered":"<p><strong>Benef\u00edcios<\/strong><\/p>\n<ul>\n<li>\n<h4>Potente e resistente de 3\/8&#8243; para aplica\u00e7\u00f5es industriais vers\u00e1teis<\/h4>\n<\/li>\n<li>\n<h4>Conforto para o operador gra\u00e7as ao baixo peso e regulador de 4 posi\u00e7\u00f5es<\/h4>\n<\/li>\n<li>\n<h4>Embreagem Rocking Dog \u00fanica potente<\/h4>\n<\/li>\n<li>\n<h4>Corpo compacto e dur\u00e1vel<\/h4>\n<\/li>\n<li>\n<h4>F\u00e1cil de manter<\/h4>\n<\/li>\n<\/ul>\n<p><strong>Caracter\u00edsticas<\/strong><\/p>\n<ul>\n<li>\n<h4>Chave de impacto resistente de 3\/8&#8243;<\/h4>\n<\/li>\n<li>\n<h4>Embreagem de 2 dentes em banho de \u00f3leo<\/h4>\n<\/li>\n<li>\n<h4>Controle perfeito com um regulador de m\u00faltiplas posi\u00e7\u00f5es<\/h4>\n<\/li>\n<li>\n<h4>Corpo de alum\u00ednio e caixa de embreagem em a\u00e7o<\/h4>\n<\/li>\n<li>\n<h4>Retentor de soquete tipo pino<\/h4>\n<\/li>\n<\/ul>\n<p><strong>Part number<\/strong> T025285<br \/>\n<strong>Model<\/strong> CP6300 RSR<br \/>\n<strong>Handle type<\/strong> Pistol<br \/>\n<strong>Square drive<\/strong> 3\/8&#8243;<br \/>\n<strong>Working Torque Range (fwd)<\/strong> 54-203 Nm 40-150<br \/>\n<strong>Maximum Torque (fwd)<\/strong> 243 Nm 180 ft.lbs<br \/>\n<strong>Maximum Torque (reverse)<\/strong> 243 Nm 180 ft.lbs<br \/>\n<strong>Free speed<\/strong> 6800 rpm<br \/>\n<strong>Blows per minute<\/strong> 1800<br \/>\n<strong>Net weight<\/strong> 1.6 kg 3.5 lb<br \/>\n<strong>Power\/weight ratio<\/strong> 151.9 Nm\/kg 51.4 ft.lb\/lb<br \/>\n<strong>Length<\/strong> 152 mm 5.98&#8243;<br \/>\n<strong>Side to center<\/strong> 32 mm 1.26&#8243;<br \/>\n<strong>Actual air consumption<\/strong> 6.6 l\/s 14 cfm<br \/>\n<strong>Noise level<\/strong> 90 db(A)<br \/>\n<strong>Sound Power<\/strong> 101 db(A)<br \/>\n<strong>Vibration (ISO-8662-7)<\/strong> 4.3 m\/s\u00b2<br \/>\n<strong>Vibration \u03b1 (ISO-28927-2)<\/strong> 5 m\/s\u00b2<br \/>\n<strong>Vibration K (ISO-28927-2)<\/strong> 1.6 m\/s\u00b2<br \/>\n<strong>Socket retainer<\/strong> Friction ring<br \/>\n<strong>Clutch type Single<\/strong> dog clutch<\/p>\n","protected":false},"excerpt":{"rendered":"<ul>\n<li>\n<h4>Potente e resistente de 3\/8&#8243; para aplica\u00e7\u00f5es industriais vers\u00e1teis<\/h4>\n<\/li>\n<li>\n<h4>Conforto para o operador gra\u00e7as ao baixo peso e regulador de 4 posi\u00e7\u00f5es<\/h4>\n<\/li>\n<li>\n<h4>Embreagem Rocking Dog \u00fanica potente<\/h4>\n<\/li>\n<li>\n<h4>Corpo compacto e dur\u00e1vel<\/h4>\n<\/li>\n<li>\n<h4>F\u00e1cil de manter<\/h4>\n<\/li>\n<\/ul>\n","protected":false},"featured_media":3545,"template":"","meta":{"_links_to":"","_links_to_target":""},"product_cat":[9],"product_tag":[],"_links":{"self":[{"href":"https:\/\/www.leus.com.br\/index.php?rest_route=\/wp\/v2\/product\/982"}],"collection":[{"href":"https:\/\/www.leus.com.br\/index.php?rest_route=\/wp\/v2\/product"}],"about":[{"href":"https:\/\/www.leus.com.br\/index.php?rest_route=\/wp\/v2\/types\/product"}],"wp:featuredmedia":[{"embeddable":true,"href":"https:\/\/www.leus.com.br\/index.php?rest_route=\/wp\/v2\/media\/3545"}],"wp:attachment":[{"href":"https:\/\/www.leus.com.br\/index.php?rest_route=%2Fwp%2Fv2%2Fmedia&parent=982"}],"wp:term":[{"taxonomy":"product_cat","embeddable":true,"href":"https:\/\/www.leus.com.br\/index.php?rest_route=%2Fwp%2Fv2%2Fproduct_cat&post=982"},{"taxonomy":"product_tag","embeddable":true,"href":"https:\/\/www.leus.com.br\/index.php?rest_route=%2Fwp%2Fv2%2Fproduct_tag&post=982"}],"curies":[{"name":"wp","href":"https:\/\/api.w.org\/{rel}","templated":true}]}}