{"id":986,"date":"2015-11-16T11:08:41","date_gmt":"2015-11-16T11:08:41","guid":{"rendered":"http:\/\/leus.com.br\/site\/?post_type=product&#038;p=986"},"modified":"2016-09-05T19:05:59","modified_gmt":"2016-09-05T19:05:59","slug":"cp6031-habak-chave-impacto-12","status":"publish","type":"product","link":"https:\/\/www.leus.com.br\/?product=cp6031-habak-chave-impacto-12","title":{"rendered":"CP6031 HABAK &#8211; CHAVE IMPACTO 1\/2&#8243;"},"content":{"rendered":"<p><strong>Benef\u00edcios<\/strong><\/p>\n<ul class=\"features_list\">\n<li>\n<h4>Resistente de 1\/2&#8243; para ind\u00fastrias com alta demanda<\/h4>\n<\/li>\n<li>\n<h4>Conforto e controle para o operador gra\u00e7as ao projeto ergon\u00f4mico perfeito<\/h4>\n<\/li>\n<li>\n<h4>Embreagem confi\u00e1vel de 2 dentes em banho de \u00f3leo e corpo dur\u00e1vel<\/h4>\n<\/li>\n<li>\n<h4>Constru\u00e7\u00e3o em 3 parte compactas e de f\u00e1cil manuten\u00e7\u00e3o<\/h4>\n<\/li>\n<\/ul>\n<p><strong>Caracter\u00edsticas<\/strong><\/p>\n<ul class=\"features_list\">\n<li>\n<h4>Chave de impacto resistente de 1\/2&#8243;<\/h4>\n<\/li>\n<li>\n<h4>Embreagem de 2 dentes em banho de \u00f3leo<\/h4>\n<\/li>\n<li>\n<h4>Corpo de alum\u00ednio e caixa de embreagem em a\u00e7o<\/h4>\n<\/li>\n<li>\n<h4>Retentor de soquete tipo pino<\/h4>\n<\/li>\n<\/ul>\n<p><strong>Part number<\/strong> T021884<br \/>\n<strong>Model<\/strong> CP6031 HABAK<br \/>\n<strong>Joint type:<\/strong> soft Joint type: soft<br \/>\n<strong>Joint type:<\/strong> hard Joint type: hard<br \/>\n<strong>Handle type<\/strong> Pistol<br \/>\n<strong>Square drive<\/strong> 1\/2&#8243;<br \/>\n<strong>Working Torque Range (fwd)<\/strong> 30-102 Nm 23-75<br \/>\n<strong>Maximum Torque (fwd)<\/strong> 176 Nm 130 ft.lbs<br \/>\n<strong>Maximum Torque (reverse)<\/strong> 176 Nm 130 ft.lbs<br \/>\n<strong>Free speed<\/strong> 10000 rpm<br \/>\n<strong>Blows per minute<\/strong> 2200<br \/>\n<strong>Net weight<\/strong> 1.5 kg 3.3 lb<br \/>\n<strong>Power\/weight ratio<\/strong> 117.3 Nm\/kg 39.4 ft.lb\/lb<br \/>\n<strong>Length<\/strong> 143 mm 5.63&#8243;<br \/>\n<strong>Side to center<\/strong> 19 mm 3\/4&#8243;<br \/>\n<strong>Actual air consumption<\/strong> 12 l\/s 25 cfm<br \/>\n<strong>Noise level<\/strong> 88 db(A)<br \/>\n<strong>Sound Power<\/strong> 99 db(A)<br \/>\n<strong>Vibration (ISO-8662-7)<\/strong> 4.3 m\/s\u00b2<br \/>\n<strong>Vibration \u03b1 (ISO-28927-2)<\/strong> 7.4 m\/s\u00b2<br \/>\n<strong>Vibration K (ISO-28927-2)<\/strong> 4.9 m\/s\u00b2<br \/>\n<strong>Socket retainer<\/strong> Pin<br \/>\n<strong>Clutch type<\/strong> 2-Jaw<\/p>\n","protected":false},"excerpt":{"rendered":"<ul class=\"features_list\">\n<li>\n<h4>Resistente de 1\/2&#8243; para ind\u00fastrias com alta demanda<\/h4>\n<\/li>\n<li>\n<h4>Conforto e controle para o operador gra\u00e7as ao projeto ergon\u00f4mico perfeito<\/h4>\n<\/li>\n<li>\n<h4>Embreagem confi\u00e1vel de 2 dentes em banho de \u00f3leo e corpo dur\u00e1vel<\/h4>\n<\/li>\n<li>\n<h4>Constru\u00e7\u00e3o em 3 parte compactas e de f\u00e1cil manuten\u00e7\u00e3o<\/h4>\n<\/li>\n<\/ul>\n","protected":false},"featured_media":3516,"template":"","meta":{"_links_to":"","_links_to_target":""},"product_cat":[9],"product_tag":[],"_links":{"self":[{"href":"https:\/\/www.leus.com.br\/index.php?rest_route=\/wp\/v2\/product\/986"}],"collection":[{"href":"https:\/\/www.leus.com.br\/index.php?rest_route=\/wp\/v2\/product"}],"about":[{"href":"https:\/\/www.leus.com.br\/index.php?rest_route=\/wp\/v2\/types\/product"}],"wp:featuredmedia":[{"embeddable":true,"href":"https:\/\/www.leus.com.br\/index.php?rest_route=\/wp\/v2\/media\/3516"}],"wp:attachment":[{"href":"https:\/\/www.leus.com.br\/index.php?rest_route=%2Fwp%2Fv2%2Fmedia&parent=986"}],"wp:term":[{"taxonomy":"product_cat","embeddable":true,"href":"https:\/\/www.leus.com.br\/index.php?rest_route=%2Fwp%2Fv2%2Fproduct_cat&post=986"},{"taxonomy":"product_tag","embeddable":true,"href":"https:\/\/www.leus.com.br\/index.php?rest_route=%2Fwp%2Fv2%2Fproduct_tag&post=986"}],"curies":[{"name":"wp","href":"https:\/\/api.w.org\/{rel}","templated":true}]}}