{"id":993,"date":"2015-11-16T11:11:47","date_gmt":"2015-11-16T11:11:47","guid":{"rendered":"http:\/\/leus.com.br\/site\/?post_type=product&#038;p=993"},"modified":"2016-09-06T12:10:51","modified_gmt":"2016-09-06T12:10:51","slug":"cp6500-rsr-chave-impacto-12","status":"publish","type":"product","link":"https:\/\/www.leus.com.br\/?product=cp6500-rsr-chave-impacto-12","title":{"rendered":"CP6500-RSR &#8211; CHAVE IMPACTO 1\/2&#8243;"},"content":{"rendered":"<p><strong>Benef\u00edcios<\/strong><\/p>\n<ul class=\"features_list\">\n<li>\n<h4>Melhor desempenho para aplica\u00e7\u00f5es industriais pesadas<\/h4>\n<\/li>\n<li>\n<h4>Conforto para o operador e controle com regulador de 4 posi\u00e7\u00f5es<\/h4>\n<\/li>\n<li>\n<h4>Embreagem Rocking Dog dupla confi\u00e1vel em banho de \u00f3leo e corpo dur\u00e1vel<\/h4>\n<\/li>\n<li>\n<h4>Constru\u00e7\u00e3o em 3 parte compactas e de f\u00e1cil manuten\u00e7\u00e3o<\/h4>\n<\/li>\n<\/ul>\n<p><strong>Caracter\u00edsticas<\/strong><\/p>\n<ul class=\"features_list\">\n<li>\n<h4>Chave de impacto resistente de 1\/2&#8243;<\/h4>\n<\/li>\n<li>\n<h4>Embreagem Rocking Dog dupla em banho de \u00f3leo<\/h4>\n<\/li>\n<li>\n<h4>Corpo de alum\u00ednio e caixa de embreagem em a\u00e7o<\/h4>\n<\/li>\n<li>\n<h4>Regulador de 4 posi\u00e7\u00f5es<\/h4>\n<\/li>\n<li>\n<h4>Retentor de soquete tipo anel<\/h4>\n<\/li>\n<\/ul>\n<p><strong>Part number<\/strong> T025216<br \/>\n<strong>Model<\/strong> CP6500-RSR<br \/>\n<strong>Joint type:<\/strong> soft Joint type: soft<br \/>\n<strong>Joint type:<\/strong> hard Joint type: hard<br \/>\n<strong>Handle type<\/strong> Pistol<br \/>\n<strong>Square drive<\/strong> 1\/2&#8243;<br \/>\n<strong>Working Torque Range (fwd)<\/strong> 170-680 Nm 125-502<br \/>\n<strong>Maximum Torque (reverse)<\/strong> 850 Nm 625 ft.lbs<br \/>\n<strong>Free speed<\/strong> 6400 rpm<br \/>\n<strong>Blows per minute<\/strong> 1320<br \/>\n<strong>Net weight<\/strong> 2.65 kg 5.8 lb<br \/>\n<strong>Power\/weight ratio<\/strong> 267.9 Nm\/kg 90.5 ft.lb\/lb<br \/>\n<strong>Length<\/strong> 178 mm 7&#8243;<br \/>\n<strong>Side to center<\/strong> 32 mm 1.26&#8243;<br \/>\n<strong>Actual air consumption<\/strong> 11.8 l\/s 25 cfm<br \/>\n<strong>Noise level<\/strong> 96 db(A)<br \/>\n<strong>Sound Power<\/strong> 107 db(A)<br \/>\n<strong>Vibration (ISO-8662-7)<\/strong> 4.4 m\/s\u00b2<br \/>\n<strong>Vibration \u03b1 (ISO-28927-2)<\/strong> 6.8 m\/s\u00b2<br \/>\n<strong>Vibration K (ISO-28927-2)<\/strong> 2.5 m\/s\u00b2<br \/>\n<strong>Socket retainer<\/strong> Friction ring<br \/>\n<strong>Clutch type<\/strong> SpringHammer\u2122 Double dog &#8211; Oil bath<\/p>\n","protected":false},"excerpt":{"rendered":"<ul class=\"features_list\">\n<li>\n<h4>Melhor desempenho para aplica\u00e7\u00f5es industriais pesadas<\/h4>\n<\/li>\n<li>\n<h4>Conforto para o operador e controle com regulador de 4 posi\u00e7\u00f5es<\/h4>\n<\/li>\n<li>\n<h4>Embreagem Rocking Dog dupla confi\u00e1vel em banho de \u00f3leo e corpo dur\u00e1vel<\/h4>\n<\/li>\n<li>\n<h4>Constru\u00e7\u00e3o em 3 parte compactas e de f\u00e1cil manuten\u00e7\u00e3o<\/h4>\n<\/li>\n<\/ul>\n","protected":false},"featured_media":3548,"template":"","meta":{"_links_to":"","_links_to_target":""},"product_cat":[9],"product_tag":[],"_links":{"self":[{"href":"https:\/\/www.leus.com.br\/index.php?rest_route=\/wp\/v2\/product\/993"}],"collection":[{"href":"https:\/\/www.leus.com.br\/index.php?rest_route=\/wp\/v2\/product"}],"about":[{"href":"https:\/\/www.leus.com.br\/index.php?rest_route=\/wp\/v2\/types\/product"}],"wp:featuredmedia":[{"embeddable":true,"href":"https:\/\/www.leus.com.br\/index.php?rest_route=\/wp\/v2\/media\/3548"}],"wp:attachment":[{"href":"https:\/\/www.leus.com.br\/index.php?rest_route=%2Fwp%2Fv2%2Fmedia&parent=993"}],"wp:term":[{"taxonomy":"product_cat","embeddable":true,"href":"https:\/\/www.leus.com.br\/index.php?rest_route=%2Fwp%2Fv2%2Fproduct_cat&post=993"},{"taxonomy":"product_tag","embeddable":true,"href":"https:\/\/www.leus.com.br\/index.php?rest_route=%2Fwp%2Fv2%2Fproduct_tag&post=993"}],"curies":[{"name":"wp","href":"https:\/\/api.w.org\/{rel}","templated":true}]}}