{"id":999,"date":"2015-11-16T11:14:59","date_gmt":"2015-11-16T11:14:59","guid":{"rendered":"http:\/\/leus.com.br\/site\/?post_type=product&#038;p=999"},"modified":"2016-09-06T12:14:15","modified_gmt":"2016-09-06T12:14:15","slug":"cp6540-rsr-chave-impacto-12","status":"publish","type":"product","link":"https:\/\/www.leus.com.br\/?product=cp6540-rsr-chave-impacto-12","title":{"rendered":"CP6540-RSR &#8211; CHAVE IMPACTO 1\/2&#8243;"},"content":{"rendered":"<h4><strong>Benef\u00edcios<\/strong><\/h4>\n<ul class=\"features_list\">\n<li>\n<h4>A melhor ferramenta de 1\/2&#8243; para juntas leves e muito leves em aplica\u00e7\u00f5es industriais pesadas<\/h4>\n<\/li>\n<li>\n<h4>Conforto para o operador e controle com regulador de 4 posi\u00e7\u00f5es<\/h4>\n<\/li>\n<li>\n<h4>Embreagem Rocking Dog dupla confi\u00e1vel em banho de \u00f3leo e corpo dur\u00e1vel<\/h4>\n<\/li>\n<li>\n<h4>Constru\u00e7\u00e3o em 3 parte compactas e de f\u00e1cil manuten\u00e7\u00e3o<\/h4>\n<\/li>\n<\/ul>\n<p><strong>Caracter\u00edsticas<\/strong><\/p>\n<ul class=\"features_list\">\n<li>\n<h4>Chave de impacto resistente de 1\/2&#8243;<\/h4>\n<\/li>\n<li>\n<h4>Embreagem Rocking Dog dupla em banho de \u00f3leo<\/h4>\n<\/li>\n<li>\n<h4>Corpo de alum\u00ednio e caixa de embreagem em a\u00e7o<\/h4>\n<\/li>\n<li>\n<h4>Regulador de 4 posi\u00e7\u00f5es<\/h4>\n<\/li>\n<li>\n<h4>Retentor de soquete tipo anel<\/h4>\n<\/li>\n<\/ul>\n<p><strong>Part number<\/strong> T025313<br \/>\n<strong>Model<\/strong> CP6540-RSR<br \/>\n<strong>Joint type:<\/strong> very soft Joint type: very soft<br \/>\n<strong>Joint type:<\/strong> soft Joint type: soft<br \/>\n<strong>Handle type<\/strong> Pistol<br \/>\n<strong>Square drive<\/strong> 1\/2&#8243;<br \/>\n<strong>Working Torque Range (fwd)<\/strong> 81-340 Nm 60-250<br \/>\n<strong>Maximum Torque (fwd)<\/strong> 420 Nm 310 ft.lbs<br \/>\n<strong>Maximum Torque (reverse)<\/strong> 420 Nm 310 ft.lbs<br \/>\n<strong>Free speed<\/strong> 6400 rpm<br \/>\n<strong>Blows per minute<\/strong> 1320<br \/>\n<strong>Net weight<\/strong> 2.8 kg 6.2 lb<br \/>\n<strong>Power\/weight ratio<\/strong> 150 Nm\/kg 50 ft.lb\/lb<br \/>\n<strong>Length<\/strong> 188 mm 7.4&#8243;<br \/>\n<strong>Side to center<\/strong> 32 mm 1.26&#8243;<br \/>\n<strong>Actual air consumption<\/strong> 10.4 l\/s 22 cfm<br \/>\n<strong>Noise level<\/strong> 97 db(A)<br \/>\n<strong>Sound Power<\/strong> 108 db(A)<br \/>\n<strong>Vibration (ISO-8662-7)<\/strong> 6.9 m\/s\u00b2<br \/>\n<strong>Vibration \u03b1 (ISO-28927-2)<\/strong> 9.2 m\/s\u00b2<br \/>\n<strong>Vibration K (ISO-28927-2)<\/strong> 4 m\/s\u00b2<br \/>\n<strong>Socket retainer<\/strong> Friction ring<br \/>\n<strong>Clutch type<\/strong> Rocking dog &#8211; Oil Bath<\/p>\n","protected":false},"excerpt":{"rendered":"<ul class=\"features_list\">\n<li>\n<h4>A melhor ferramenta de 1\/2&#8243; para juntas leves e muito leves em aplica\u00e7\u00f5es industriais pesadas<\/h4>\n<\/li>\n<li>\n<h4>Conforto para o operador e controle com regulador de 4 posi\u00e7\u00f5es<\/h4>\n<\/li>\n<li>\n<h4>Embreagem Rocking Dog dupla confi\u00e1vel em banho de \u00f3leo e corpo dur\u00e1vel<\/h4>\n<\/li>\n<li>\n<h4>Constru\u00e7\u00e3o em 3 parte compactas e de f\u00e1cil manuten\u00e7\u00e3o<\/h4>\n<\/li>\n<\/ul>\n","protected":false},"featured_media":3550,"template":"","meta":{"_links_to":"","_links_to_target":""},"product_cat":[9],"product_tag":[],"_links":{"self":[{"href":"https:\/\/www.leus.com.br\/index.php?rest_route=\/wp\/v2\/product\/999"}],"collection":[{"href":"https:\/\/www.leus.com.br\/index.php?rest_route=\/wp\/v2\/product"}],"about":[{"href":"https:\/\/www.leus.com.br\/index.php?rest_route=\/wp\/v2\/types\/product"}],"wp:featuredmedia":[{"embeddable":true,"href":"https:\/\/www.leus.com.br\/index.php?rest_route=\/wp\/v2\/media\/3550"}],"wp:attachment":[{"href":"https:\/\/www.leus.com.br\/index.php?rest_route=%2Fwp%2Fv2%2Fmedia&parent=999"}],"wp:term":[{"taxonomy":"product_cat","embeddable":true,"href":"https:\/\/www.leus.com.br\/index.php?rest_route=%2Fwp%2Fv2%2Fproduct_cat&post=999"},{"taxonomy":"product_tag","embeddable":true,"href":"https:\/\/www.leus.com.br\/index.php?rest_route=%2Fwp%2Fv2%2Fproduct_tag&post=999"}],"curies":[{"name":"wp","href":"https:\/\/api.w.org\/{rel}","templated":true}]}}